{"id":10,"date":"2020-09-23T09:40:12","date_gmt":"2020-09-23T09:40:12","guid":{"rendered":"https:\/\/eshop.sesvanderhave.com\/uk\/my-account\/"},"modified":"2024-11-19T10:21:20","modified_gmt":"2024-11-19T10:21:20","slug":"my-account","status":"publish","type":"page","link":"https:\/\/eshop.sesvanderhave.com\/uk\/my-account\/","title":{"rendered":"MY ACCOUNT"},"content":{"rendered":"<div class=\"woocommerce\"><\/div>\n","protected":false},"excerpt":{"rendered":"","protected":false},"author":193,"featured_media":0,"parent":0,"menu_order":0,"comment_status":"closed","ping_status":"closed","template":"template-cart.php","meta":{"_acf_changed":false,"footnotes":""},"class_list":["post-10","page","type-page","status-publish","hentry"],"acf":[],"yoast_head":"<!-- This site is optimized with the Yoast SEO plugin v26.3 - https:\/\/yoast.com\/wordpress\/plugins\/seo\/ -->\n<title>MY ACCOUNT | SESVanderHave e-shop United Kingdom<\/title>\n<meta name=\"description\" content=\"Visit our SESVanderHave e-shop! From seeds to beet, from our fields to your fields. Order the best sugar beet seed varieties directly in our e-shop!\" \/>\n<meta name=\"robots\" content=\"noindex, follow\" \/>\n<meta property=\"og:locale\" content=\"en_GB\" \/>\n<meta property=\"og:type\" content=\"article\" \/>\n<meta property=\"og:title\" content=\"MY ACCOUNT | SESVanderHave e-shop United Kingdom\" \/>\n<meta property=\"og:description\" content=\"Bes\u00f8g vores SESVanderHave e-shop! Fra fr\u00f8 til roer, fra vore marker til dine marker. Bestil de bedste sorter af sukkerroefr\u00f8 direkte i vores e-shop!\" \/>\n<meta property=\"og:url\" content=\"https:\/\/eshop.sesvanderhave.com\/uk\/my-account\/\" \/>\n<meta property=\"og:site_name\" content=\"SESVanderHave e-shop United Kingdom\" \/>\n<meta property=\"article:publisher\" content=\"https:\/\/www.facebook.com\/SESVanderHave\/\" \/>\n<meta property=\"article:modified_time\" content=\"2024-11-19T10:21:20+00:00\" \/>\n<meta property=\"og:image\" content=\"https:\/\/eshop.sesvanderhave.com\/uk\/wp-content\/uploads\/sites\/10\/2020\/10\/Mailing-Header.jpg\" \/>\n\t<meta property=\"og:image:width\" content=\"600\" \/>\n\t<meta property=\"og:image:height\" content=\"350\" \/>\n\t<meta property=\"og:image:type\" content=\"image\/jpeg\" \/>\n<meta name=\"twitter:card\" content=\"summary_large_image\" \/>\n<meta name=\"twitter:title\" content=\"MY ACCOUNT | SESVanderHave e-shop United Kingdom\" \/>\n<meta name=\"twitter:description\" content=\"Bes\u00f8g vores SESVanderHave e-shop! Fra fr\u00f8 til roer, fra vore marker til dine marker. Bestil de bedste sorter af sukkerroefr\u00f8 direkte i vores e-shop!\" \/>\n<meta name=\"twitter:site\" content=\"@sesvanderhave\" \/>\n<script type=\"application\/ld+json\" class=\"yoast-schema-graph\">{\"@context\":\"https:\/\/schema.org\",\"@graph\":[{\"@type\":[\"WebPage\",\"ProfilePage\"],\"@id\":\"https:\/\/eshop.sesvanderhave.com\/uk\/my-account\/\",\"url\":\"https:\/\/eshop.sesvanderhave.com\/uk\/my-account\/\",\"name\":\"MY ACCOUNT | SESVanderHave e-shop United Kingdom\",\"isPartOf\":{\"@id\":\"https:\/\/eshop.sesvanderhave.com\/uk\/#website\"},\"datePublished\":\"2020-09-23T09:40:12+00:00\",\"dateModified\":\"2024-11-19T10:21:20+00:00\",\"description\":\"Visit our SESVanderHave e-shop! From seeds to beet, from our fields to your fields. Order the best sugar beet seed varieties directly in our e-shop!\",\"breadcrumb\":{\"@id\":\"https:\/\/eshop.sesvanderhave.com\/uk\/my-account\/#breadcrumb\"},\"inLanguage\":\"en-GB\",\"potentialAction\":[{\"@type\":\"ReadAction\",\"target\":[\"https:\/\/eshop.sesvanderhave.com\/uk\/my-account\/\"]}]},{\"@type\":\"BreadcrumbList\",\"@id\":\"https:\/\/eshop.sesvanderhave.com\/uk\/my-account\/#breadcrumb\",\"itemListElement\":[{\"@type\":\"ListItem\",\"position\":1,\"name\":\"Home\",\"item\":\"https:\/\/eshop.sesvanderhave.com\/uk\/\"},{\"@type\":\"ListItem\",\"position\":2,\"name\":\"MY ACCOUNT\"}]},{\"@type\":\"WebSite\",\"@id\":\"https:\/\/eshop.sesvanderhave.com\/uk\/#website\",\"url\":\"https:\/\/eshop.sesvanderhave.com\/uk\/\",\"name\":\"SESVanderHave e-shop United Kingdom\",\"description\":\"Buy your sugar beet seed online!\",\"publisher\":{\"@id\":\"https:\/\/eshop.sesvanderhave.com\/uk\/#organization\"},\"potentialAction\":[{\"@type\":\"SearchAction\",\"target\":{\"@type\":\"EntryPoint\",\"urlTemplate\":\"https:\/\/eshop.sesvanderhave.com\/uk\/?s={search_term_string}\"},\"query-input\":{\"@type\":\"PropertyValueSpecification\",\"valueRequired\":true,\"valueName\":\"search_term_string\"}}],\"inLanguage\":\"en-GB\"},{\"@type\":\"Organization\",\"@id\":\"https:\/\/eshop.sesvanderhave.com\/uk\/#organization\",\"name\":\"SESVanderHave\",\"url\":\"https:\/\/eshop.sesvanderhave.com\/uk\/\",\"logo\":{\"@type\":\"ImageObject\",\"inLanguage\":\"en-GB\",\"@id\":\"https:\/\/eshop.sesvanderhave.com\/uk\/#\/schema\/logo\/image\/\",\"url\":\"https:\/\/eshop.sesvanderhave.com\/uk\/wp-content\/uploads\/sites\/10\/2020\/10\/SV_Logo_web.png\",\"contentUrl\":\"https:\/\/eshop.sesvanderhave.com\/uk\/wp-content\/uploads\/sites\/10\/2020\/10\/SV_Logo_web.png\",\"width\":1920,\"height\":1080,\"caption\":\"SESVanderHave\"},\"image\":{\"@id\":\"https:\/\/eshop.sesvanderhave.com\/uk\/#\/schema\/logo\/image\/\"},\"sameAs\":[\"https:\/\/www.facebook.com\/SESVanderHave\/\",\"https:\/\/x.com\/sesvanderhave\",\"https:\/\/www.linkedin.com\/company\/sesvanderhave\",\"https:\/\/www.youtube.com\/user\/SESVANDERHAVEonline\"],\"mainEntityOfPage\":{\"@id\":\"https:\/\/eshop.sesvanderhave.com\/uk\/my-account\/\"}}]}<\/script>\n<!-- \/ Yoast SEO plugin. -->","yoast_head_json":{"title":"MY ACCOUNT | SESVanderHave e-shop United Kingdom","description":"Visit our SESVanderHave e-shop! From seeds to beet, from our fields to your fields. Order the best sugar beet seed varieties directly in our e-shop!","robots":{"index":"noindex","follow":"follow"},"og_locale":"en_GB","og_type":"article","og_title":"MY ACCOUNT | SESVanderHave e-shop United Kingdom","og_description":"Bes\u00f8g vores SESVanderHave e-shop! Fra fr\u00f8 til roer, fra vore marker til dine marker. Bestil de bedste sorter af sukkerroefr\u00f8 direkte i vores e-shop!","og_url":"https:\/\/eshop.sesvanderhave.com\/uk\/my-account\/","og_site_name":"SESVanderHave e-shop United Kingdom","article_publisher":"https:\/\/www.facebook.com\/SESVanderHave\/","article_modified_time":"2024-11-19T10:21:20+00:00","og_image":[{"width":600,"height":350,"url":"https:\/\/eshop.sesvanderhave.com\/uk\/wp-content\/uploads\/sites\/10\/2020\/10\/Mailing-Header.jpg","type":"image\/jpeg"}],"twitter_card":"summary_large_image","twitter_title":"MY ACCOUNT | SESVanderHave e-shop United Kingdom","twitter_description":"Bes\u00f8g vores SESVanderHave e-shop! Fra fr\u00f8 til roer, fra vore marker til dine marker. Bestil de bedste sorter af sukkerroefr\u00f8 direkte i vores e-shop!","twitter_site":"@sesvanderhave","schema":{"@context":"https:\/\/schema.org","@graph":[{"@type":["WebPage","ProfilePage"],"@id":"https:\/\/eshop.sesvanderhave.com\/uk\/my-account\/","url":"https:\/\/eshop.sesvanderhave.com\/uk\/my-account\/","name":"MY ACCOUNT | SESVanderHave e-shop United Kingdom","isPartOf":{"@id":"https:\/\/eshop.sesvanderhave.com\/uk\/#website"},"datePublished":"2020-09-23T09:40:12+00:00","dateModified":"2024-11-19T10:21:20+00:00","description":"Visit our SESVanderHave e-shop! From seeds to beet, from our fields to your fields. Order the best sugar beet seed varieties directly in our e-shop!","breadcrumb":{"@id":"https:\/\/eshop.sesvanderhave.com\/uk\/my-account\/#breadcrumb"},"inLanguage":"en-GB","potentialAction":[{"@type":"ReadAction","target":["https:\/\/eshop.sesvanderhave.com\/uk\/my-account\/"]}]},{"@type":"BreadcrumbList","@id":"https:\/\/eshop.sesvanderhave.com\/uk\/my-account\/#breadcrumb","itemListElement":[{"@type":"ListItem","position":1,"name":"Home","item":"https:\/\/eshop.sesvanderhave.com\/uk\/"},{"@type":"ListItem","position":2,"name":"MY ACCOUNT"}]},{"@type":"WebSite","@id":"https:\/\/eshop.sesvanderhave.com\/uk\/#website","url":"https:\/\/eshop.sesvanderhave.com\/uk\/","name":"SESVanderHave e-shop United Kingdom","description":"Buy your sugar beet seed online!","publisher":{"@id":"https:\/\/eshop.sesvanderhave.com\/uk\/#organization"},"potentialAction":[{"@type":"SearchAction","target":{"@type":"EntryPoint","urlTemplate":"https:\/\/eshop.sesvanderhave.com\/uk\/?s={search_term_string}"},"query-input":{"@type":"PropertyValueSpecification","valueRequired":true,"valueName":"search_term_string"}}],"inLanguage":"en-GB"},{"@type":"Organization","@id":"https:\/\/eshop.sesvanderhave.com\/uk\/#organization","name":"SESVanderHave","url":"https:\/\/eshop.sesvanderhave.com\/uk\/","logo":{"@type":"ImageObject","inLanguage":"en-GB","@id":"https:\/\/eshop.sesvanderhave.com\/uk\/#\/schema\/logo\/image\/","url":"https:\/\/eshop.sesvanderhave.com\/uk\/wp-content\/uploads\/sites\/10\/2020\/10\/SV_Logo_web.png","contentUrl":"https:\/\/eshop.sesvanderhave.com\/uk\/wp-content\/uploads\/sites\/10\/2020\/10\/SV_Logo_web.png","width":1920,"height":1080,"caption":"SESVanderHave"},"image":{"@id":"https:\/\/eshop.sesvanderhave.com\/uk\/#\/schema\/logo\/image\/"},"sameAs":["https:\/\/www.facebook.com\/SESVanderHave\/","https:\/\/x.com\/sesvanderhave","https:\/\/www.linkedin.com\/company\/sesvanderhave","https:\/\/www.youtube.com\/user\/SESVANDERHAVEonline"],"mainEntityOfPage":{"@id":"https:\/\/eshop.sesvanderhave.com\/uk\/my-account\/"}}]}},"_links":{"self":[{"href":"https:\/\/eshop.sesvanderhave.com\/uk\/wp-json\/wp\/v2\/pages\/10","targetHints":{"allow":["GET"]}}],"collection":[{"href":"https:\/\/eshop.sesvanderhave.com\/uk\/wp-json\/wp\/v2\/pages"}],"about":[{"href":"https:\/\/eshop.sesvanderhave.com\/uk\/wp-json\/wp\/v2\/types\/page"}],"author":[{"embeddable":true,"href":"https:\/\/eshop.sesvanderhave.com\/uk\/wp-json\/wp\/v2\/users\/193"}],"replies":[{"embeddable":true,"href":"https:\/\/eshop.sesvanderhave.com\/uk\/wp-json\/wp\/v2\/comments?post=10"}],"version-history":[{"count":8,"href":"https:\/\/eshop.sesvanderhave.com\/uk\/wp-json\/wp\/v2\/pages\/10\/revisions"}],"predecessor-version":[{"id":796,"href":"https:\/\/eshop.sesvanderhave.com\/uk\/wp-json\/wp\/v2\/pages\/10\/revisions\/796"}],"wp:attachment":[{"href":"https:\/\/eshop.sesvanderhave.com\/uk\/wp-json\/wp\/v2\/media?parent=10"}],"curies":[{"name":"wp","href":"https:\/\/api.w.org\/{rel}","templated":true}]}}