{"id":935,"date":"2025-12-17T09:08:34","date_gmt":"2025-12-17T09:08:34","guid":{"rendered":"https:\/\/eshop.sesvanderhave.com\/sk\/?post_type=product&#038;p=935"},"modified":"2026-01-09T10:30:37","modified_gmt":"2026-01-09T10:30:37","slug":"pontiac-smart","status":"publish","type":"product","link":"https:\/\/eshop.sesvanderhave.com\/sk\/product\/pontiac-smart\/","title":{"rendered":"PONTIAC SMART"},"content":{"rendered":"<p><strong>Pozor: nejde o skuto\u010dn\u00fa objedn\u00e1vku, ale iba o rezerv\u00e1ciu osiva. St\u00e1le mus\u00edte zada\u0165 svoju skuto\u010dn\u00fa objedn\u00e1vku obvykl\u00fdm sp\u00f4sobom.<\/strong><\/p>\n<p>Cena uveden\u00e1 pri rezerv\u00e1cii va\u0161ich os\u00edv (a herbic\u00eddu) nie je z\u00e1v\u00e4zn\u00e1. T\u00e1to cena sl\u00fa\u017ei iba ako referencia. Cena herbic\u00eddu (76 EUR za liter; 1 liter = 1 hekt\u00e1r) sa v preh\u013eade rezerv\u00e1cie nezobrazuje. Kone\u010dn\u00e1 cena je potvrden\u00e1 pri zadan\u00ed skuto\u010dnej objedn\u00e1vky.<\/p>\n<p>Odrody SMART s\u00fa ur\u010den\u00e9 pre syst\u00e9m herbic\u00eddnej ochrany CONVISO\u00ae SMART. Neoddelite\u013enou s\u00fa\u010das\u0165ou objedn\u00e1vky rezerv\u00e1cie je herbic\u00edd CONVISO\u00ae ONE. Pri rezerv\u00e1cii osiva pre syst\u00e9m herbic\u00eddnej ochrany CONVISO\u00ae SMART si automaticky rezervujete aj zodpovedaj\u00face mno\u017estvo herbic\u00eddu CONVISO\u00ae ONE.<\/p>\n","protected":false},"excerpt":{"rendered":"<div class=\"article\">\n<ul>\n<li>Technol\u00f3gia\u00a0<a href=\"https:\/\/www.sesvanderhave.com\/sk\/na%C5%A1e-rie%C5%A1enia\/cercotech\">CERCOTECH\u00ae<\/a><\/li>\n<li>Antinemat\u00f3dna odroda<\/li>\n<li>Ve\u013emi vysok\u00e1 odolnos\u0165 k komplexu listov\u00fdch \u0161kvrnitost\u00ed<\/li>\n<li>Vhodn\u00e1 pre v\u0161etky term\u00edny zberu<\/li>\n<\/ul>\n<\/div>\n","protected":false},"featured_media":936,"template":"","meta":{"_acf_changed":false},"product_brand":[],"product_cat":[40,35],"product_tag":[21],"class_list":{"0":"post-935","1":"product","2":"type-product","3":"status-publish","4":"has-post-thumbnail","6":"product_cat-cerkospora","7":"product_cat-conviso-smart-odrody","8":"product_tag-new","10":"first","11":"instock","12":"shipping-taxable","13":"purchasable","14":"product-type-simple"},"acf":[],"yoast_head":"<!-- This site is optimized with the Yoast SEO plugin v26.3 - https:\/\/yoast.com\/wordpress\/plugins\/seo\/ -->\n<title>PONTIAC SMART | SESVanderHave webov\u00fd rezerva\u010dn\u00fd formul\u00e1r Slovensko<\/title>\n<meta name=\"description\" content=\"Pozrite sa na na\u0161e odrody cukrovej repy pre herbic\u00eddnu ochranu CERCOTECH\u00ae &amp; CONVISO\u00ae SMART a ich vlastnosti. PONTIAC SMART\" \/>\n<meta name=\"robots\" content=\"index, follow, max-snippet:-1, max-image-preview:large, max-video-preview:-1\" \/>\n<link rel=\"canonical\" href=\"https:\/\/eshop.sesvanderhave.com\/sk\/product\/pontiac-smart\/\" \/>\n<meta property=\"og:locale\" content=\"sk_SK\" \/>\n<meta property=\"og:type\" content=\"article\" \/>\n<meta property=\"og:title\" content=\"PONTIAC SMART | SESVanderHave webov\u00fd rezerva\u010dn\u00fd formul\u00e1r Slovensko\" \/>\n<meta property=\"og:description\" content=\"Pozrite sa na na\u0161e odrody cukrovej repy pre herbic\u00eddnu ochranu CERCOTECH\u00ae &amp; CONVISO\u00ae SMART a ich vlastnosti. PONTIAC SMART\" \/>\n<meta property=\"og:url\" content=\"https:\/\/eshop.sesvanderhave.com\/sk\/product\/pontiac-smart\/\" \/>\n<meta property=\"og:site_name\" content=\"SESVanderHave webov\u00fd rezerva\u010dn\u00fd formul\u00e1r Slovensko\" \/>\n<meta property=\"article:publisher\" content=\"https:\/\/www.facebook.com\/SESVanderHave\/\" \/>\n<meta property=\"article:modified_time\" content=\"2026-01-09T10:30:37+00:00\" \/>\n<meta property=\"og:image\" content=\"https:\/\/eshop.sesvanderhave.com\/sk\/wp-content\/uploads\/sites\/7\/2025\/12\/SESVanderHave_Ceska-republika_semeno-cukrove-repy_CONVISO-SMART_PONTIAC-SMART.png\" \/>\n\t<meta property=\"og:image:width\" content=\"350\" \/>\n\t<meta property=\"og:image:height\" content=\"400\" \/>\n\t<meta property=\"og:image:type\" content=\"image\/png\" \/>\n<meta name=\"twitter:card\" content=\"summary_large_image\" \/>\n<meta name=\"twitter:site\" content=\"@sesvanderhave\" \/>\n<meta name=\"twitter:label1\" content=\"Predpokladan\u00fd \u010das \u010d\u00edtania\" \/>\n\t<meta name=\"twitter:data1\" content=\"1 min\u00fata\" \/>\n<script type=\"application\/ld+json\" class=\"yoast-schema-graph\">{\"@context\":\"https:\/\/schema.org\",\"@graph\":[{\"@type\":\"WebPage\",\"@id\":\"https:\/\/eshop.sesvanderhave.com\/sk\/product\/pontiac-smart\/\",\"url\":\"https:\/\/eshop.sesvanderhave.com\/sk\/product\/pontiac-smart\/\",\"name\":\"PONTIAC SMART | SESVanderHave webov\u00fd rezerva\u010dn\u00fd formul\u00e1r Slovensko\",\"isPartOf\":{\"@id\":\"https:\/\/eshop.sesvanderhave.com\/sk\/#website\"},\"primaryImageOfPage\":{\"@id\":\"https:\/\/eshop.sesvanderhave.com\/sk\/product\/pontiac-smart\/#primaryimage\"},\"image\":{\"@id\":\"https:\/\/eshop.sesvanderhave.com\/sk\/product\/pontiac-smart\/#primaryimage\"},\"thumbnailUrl\":\"https:\/\/eshop.sesvanderhave.com\/sk\/wp-content\/uploads\/sites\/7\/2025\/12\/SESVanderHave_Ceska-republika_semeno-cukrove-repy_CONVISO-SMART_PONTIAC-SMART.png\",\"datePublished\":\"2025-12-17T09:08:34+00:00\",\"dateModified\":\"2026-01-09T10:30:37+00:00\",\"description\":\"Pozrite sa na na\u0161e odrody cukrovej repy pre herbic\u00eddnu ochranu CERCOTECH\u00ae & CONVISO\u00ae SMART a ich vlastnosti. PONTIAC SMART\",\"breadcrumb\":{\"@id\":\"https:\/\/eshop.sesvanderhave.com\/sk\/product\/pontiac-smart\/#breadcrumb\"},\"inLanguage\":\"sk-SK\",\"potentialAction\":[{\"@type\":\"ReadAction\",\"target\":[\"https:\/\/eshop.sesvanderhave.com\/sk\/product\/pontiac-smart\/\"]}]},{\"@type\":\"ImageObject\",\"inLanguage\":\"sk-SK\",\"@id\":\"https:\/\/eshop.sesvanderhave.com\/sk\/product\/pontiac-smart\/#primaryimage\",\"url\":\"https:\/\/eshop.sesvanderhave.com\/sk\/wp-content\/uploads\/sites\/7\/2025\/12\/SESVanderHave_Ceska-republika_semeno-cukrove-repy_CONVISO-SMART_PONTIAC-SMART.png\",\"contentUrl\":\"https:\/\/eshop.sesvanderhave.com\/sk\/wp-content\/uploads\/sites\/7\/2025\/12\/SESVanderHave_Ceska-republika_semeno-cukrove-repy_CONVISO-SMART_PONTIAC-SMART.png\",\"width\":350,\"height\":400},{\"@type\":\"BreadcrumbList\",\"@id\":\"https:\/\/eshop.sesvanderhave.com\/sk\/product\/pontiac-smart\/#breadcrumb\",\"itemListElement\":[{\"@type\":\"ListItem\",\"position\":1,\"name\":\"Home\",\"item\":\"https:\/\/eshop.sesvanderhave.com\/sk\/\"},{\"@type\":\"ListItem\",\"position\":2,\"name\":\"SESVANDERHAVE WEBOV\u00dd REZERVA\u010cN\u00dd FORMUL\u00c1R\",\"item\":\"https:\/\/eshop.sesvanderhave.com\/sk\/shop\/\"},{\"@type\":\"ListItem\",\"position\":3,\"name\":\"PONTIAC SMART\"}]},{\"@type\":\"WebSite\",\"@id\":\"https:\/\/eshop.sesvanderhave.com\/sk\/#website\",\"url\":\"https:\/\/eshop.sesvanderhave.com\/sk\/\",\"name\":\"SESVanderHave webov\u00fd rezerva\u010dn\u00fd formul\u00e1r Slovensko\",\"description\":\"Va\u0161a online rezerv\u00e1cia osiva cukrovej repy\",\"publisher\":{\"@id\":\"https:\/\/eshop.sesvanderhave.com\/sk\/#organization\"},\"potentialAction\":[{\"@type\":\"SearchAction\",\"target\":{\"@type\":\"EntryPoint\",\"urlTemplate\":\"https:\/\/eshop.sesvanderhave.com\/sk\/?s={search_term_string}\"},\"query-input\":{\"@type\":\"PropertyValueSpecification\",\"valueRequired\":true,\"valueName\":\"search_term_string\"}}],\"inLanguage\":\"sk-SK\"},{\"@type\":\"Organization\",\"@id\":\"https:\/\/eshop.sesvanderhave.com\/sk\/#organization\",\"name\":\"SESVanderHave\",\"url\":\"https:\/\/eshop.sesvanderhave.com\/sk\/\",\"logo\":{\"@type\":\"ImageObject\",\"inLanguage\":\"sk-SK\",\"@id\":\"https:\/\/eshop.sesvanderhave.com\/sk\/#\/schema\/logo\/image\/\",\"url\":\"https:\/\/eshop.sesvanderhave.com\/sk\/wp-content\/uploads\/sites\/7\/2020\/10\/SV_Logo_web.png\",\"contentUrl\":\"https:\/\/eshop.sesvanderhave.com\/sk\/wp-content\/uploads\/sites\/7\/2020\/10\/SV_Logo_web.png\",\"width\":1920,\"height\":1080,\"caption\":\"SESVanderHave\"},\"image\":{\"@id\":\"https:\/\/eshop.sesvanderhave.com\/sk\/#\/schema\/logo\/image\/\"},\"sameAs\":[\"https:\/\/www.facebook.com\/SESVanderHave\/\",\"https:\/\/x.com\/sesvanderhave\",\"https:\/\/www.linkedin.com\/company\/sesvanderhave\",\"https:\/\/www.youtube.com\/user\/SESVANDERHAVEonline\"]}]}<\/script>\n<!-- \/ Yoast SEO plugin. -->","yoast_head_json":{"title":"PONTIAC SMART | SESVanderHave webov\u00fd rezerva\u010dn\u00fd formul\u00e1r Slovensko","description":"Pozrite sa na na\u0161e odrody cukrovej repy pre herbic\u00eddnu ochranu CERCOTECH\u00ae & CONVISO\u00ae SMART a ich vlastnosti. PONTIAC SMART","robots":{"index":"index","follow":"follow","max-snippet":"max-snippet:-1","max-image-preview":"max-image-preview:large","max-video-preview":"max-video-preview:-1"},"canonical":"https:\/\/eshop.sesvanderhave.com\/sk\/product\/pontiac-smart\/","og_locale":"sk_SK","og_type":"article","og_title":"PONTIAC SMART | SESVanderHave webov\u00fd rezerva\u010dn\u00fd formul\u00e1r Slovensko","og_description":"Pozrite sa na na\u0161e odrody cukrovej repy pre herbic\u00eddnu ochranu CERCOTECH\u00ae & CONVISO\u00ae SMART a ich vlastnosti. PONTIAC SMART","og_url":"https:\/\/eshop.sesvanderhave.com\/sk\/product\/pontiac-smart\/","og_site_name":"SESVanderHave webov\u00fd rezerva\u010dn\u00fd formul\u00e1r Slovensko","article_publisher":"https:\/\/www.facebook.com\/SESVanderHave\/","article_modified_time":"2026-01-09T10:30:37+00:00","og_image":[{"width":350,"height":400,"url":"https:\/\/eshop.sesvanderhave.com\/sk\/wp-content\/uploads\/sites\/7\/2025\/12\/SESVanderHave_Ceska-republika_semeno-cukrove-repy_CONVISO-SMART_PONTIAC-SMART.png","type":"image\/png"}],"twitter_card":"summary_large_image","twitter_site":"@sesvanderhave","twitter_misc":{"Predpokladan\u00fd \u010das \u010d\u00edtania":"1 min\u00fata"},"schema":{"@context":"https:\/\/schema.org","@graph":[{"@type":"WebPage","@id":"https:\/\/eshop.sesvanderhave.com\/sk\/product\/pontiac-smart\/","url":"https:\/\/eshop.sesvanderhave.com\/sk\/product\/pontiac-smart\/","name":"PONTIAC SMART | SESVanderHave webov\u00fd rezerva\u010dn\u00fd formul\u00e1r Slovensko","isPartOf":{"@id":"https:\/\/eshop.sesvanderhave.com\/sk\/#website"},"primaryImageOfPage":{"@id":"https:\/\/eshop.sesvanderhave.com\/sk\/product\/pontiac-smart\/#primaryimage"},"image":{"@id":"https:\/\/eshop.sesvanderhave.com\/sk\/product\/pontiac-smart\/#primaryimage"},"thumbnailUrl":"https:\/\/eshop.sesvanderhave.com\/sk\/wp-content\/uploads\/sites\/7\/2025\/12\/SESVanderHave_Ceska-republika_semeno-cukrove-repy_CONVISO-SMART_PONTIAC-SMART.png","datePublished":"2025-12-17T09:08:34+00:00","dateModified":"2026-01-09T10:30:37+00:00","description":"Pozrite sa na na\u0161e odrody cukrovej repy pre herbic\u00eddnu ochranu CERCOTECH\u00ae & CONVISO\u00ae SMART a ich vlastnosti. PONTIAC SMART","breadcrumb":{"@id":"https:\/\/eshop.sesvanderhave.com\/sk\/product\/pontiac-smart\/#breadcrumb"},"inLanguage":"sk-SK","potentialAction":[{"@type":"ReadAction","target":["https:\/\/eshop.sesvanderhave.com\/sk\/product\/pontiac-smart\/"]}]},{"@type":"ImageObject","inLanguage":"sk-SK","@id":"https:\/\/eshop.sesvanderhave.com\/sk\/product\/pontiac-smart\/#primaryimage","url":"https:\/\/eshop.sesvanderhave.com\/sk\/wp-content\/uploads\/sites\/7\/2025\/12\/SESVanderHave_Ceska-republika_semeno-cukrove-repy_CONVISO-SMART_PONTIAC-SMART.png","contentUrl":"https:\/\/eshop.sesvanderhave.com\/sk\/wp-content\/uploads\/sites\/7\/2025\/12\/SESVanderHave_Ceska-republika_semeno-cukrove-repy_CONVISO-SMART_PONTIAC-SMART.png","width":350,"height":400},{"@type":"BreadcrumbList","@id":"https:\/\/eshop.sesvanderhave.com\/sk\/product\/pontiac-smart\/#breadcrumb","itemListElement":[{"@type":"ListItem","position":1,"name":"Home","item":"https:\/\/eshop.sesvanderhave.com\/sk\/"},{"@type":"ListItem","position":2,"name":"SESVANDERHAVE WEBOV\u00dd REZERVA\u010cN\u00dd FORMUL\u00c1R","item":"https:\/\/eshop.sesvanderhave.com\/sk\/shop\/"},{"@type":"ListItem","position":3,"name":"PONTIAC SMART"}]},{"@type":"WebSite","@id":"https:\/\/eshop.sesvanderhave.com\/sk\/#website","url":"https:\/\/eshop.sesvanderhave.com\/sk\/","name":"SESVanderHave webov\u00fd rezerva\u010dn\u00fd formul\u00e1r Slovensko","description":"Va\u0161a online rezerv\u00e1cia osiva cukrovej repy","publisher":{"@id":"https:\/\/eshop.sesvanderhave.com\/sk\/#organization"},"potentialAction":[{"@type":"SearchAction","target":{"@type":"EntryPoint","urlTemplate":"https:\/\/eshop.sesvanderhave.com\/sk\/?s={search_term_string}"},"query-input":{"@type":"PropertyValueSpecification","valueRequired":true,"valueName":"search_term_string"}}],"inLanguage":"sk-SK"},{"@type":"Organization","@id":"https:\/\/eshop.sesvanderhave.com\/sk\/#organization","name":"SESVanderHave","url":"https:\/\/eshop.sesvanderhave.com\/sk\/","logo":{"@type":"ImageObject","inLanguage":"sk-SK","@id":"https:\/\/eshop.sesvanderhave.com\/sk\/#\/schema\/logo\/image\/","url":"https:\/\/eshop.sesvanderhave.com\/sk\/wp-content\/uploads\/sites\/7\/2020\/10\/SV_Logo_web.png","contentUrl":"https:\/\/eshop.sesvanderhave.com\/sk\/wp-content\/uploads\/sites\/7\/2020\/10\/SV_Logo_web.png","width":1920,"height":1080,"caption":"SESVanderHave"},"image":{"@id":"https:\/\/eshop.sesvanderhave.com\/sk\/#\/schema\/logo\/image\/"},"sameAs":["https:\/\/www.facebook.com\/SESVanderHave\/","https:\/\/x.com\/sesvanderhave","https:\/\/www.linkedin.com\/company\/sesvanderhave","https:\/\/www.youtube.com\/user\/SESVANDERHAVEonline"]}]}},"_links":{"self":[{"href":"https:\/\/eshop.sesvanderhave.com\/sk\/wp-json\/wp\/v2\/product\/935","targetHints":{"allow":["GET"]}}],"collection":[{"href":"https:\/\/eshop.sesvanderhave.com\/sk\/wp-json\/wp\/v2\/product"}],"about":[{"href":"https:\/\/eshop.sesvanderhave.com\/sk\/wp-json\/wp\/v2\/types\/product"}],"wp:featuredmedia":[{"embeddable":true,"href":"https:\/\/eshop.sesvanderhave.com\/sk\/wp-json\/wp\/v2\/media\/936"}],"wp:attachment":[{"href":"https:\/\/eshop.sesvanderhave.com\/sk\/wp-json\/wp\/v2\/media?parent=935"}],"wp:term":[{"taxonomy":"product_brand","embeddable":true,"href":"https:\/\/eshop.sesvanderhave.com\/sk\/wp-json\/wp\/v2\/product_brand?post=935"},{"taxonomy":"product_cat","embeddable":true,"href":"https:\/\/eshop.sesvanderhave.com\/sk\/wp-json\/wp\/v2\/product_cat?post=935"},{"taxonomy":"product_tag","embeddable":true,"href":"https:\/\/eshop.sesvanderhave.com\/sk\/wp-json\/wp\/v2\/product_tag?post=935"}],"curies":[{"name":"wp","href":"https:\/\/api.w.org\/{rel}","templated":true}]}}