{"id":846,"date":"2023-09-29T12:43:47","date_gmt":"2023-09-29T12:43:47","guid":{"rendered":"https:\/\/eshop.sesvanderhave.com\/sk\/?post_type=product&#038;p=846"},"modified":"2025-11-10T15:42:33","modified_gmt":"2025-11-10T15:42:33","slug":"aspen","status":"publish","type":"product","link":"https:\/\/eshop.sesvanderhave.com\/sk\/product\/aspen\/","title":{"rendered":"ASPEN"},"content":{"rendered":"<p><strong>Pozor: nejde o skuto\u010dn\u00fa objedn\u00e1vku, ale iba o rezerv\u00e1ciu osiva. St\u00e1le mus\u00edte zada\u0165 svoju skuto\u010dn\u00fa objedn\u00e1vku obvykl\u00fdm sp\u00f4sobom.<\/strong><\/p>\n<p>Cena uveden\u00e1 pri rezerv\u00e1cii va\u0161ich os\u00edv nie je z\u00e1v\u00e4zn\u00e1. T\u00e1to cena sl\u00fa\u017ei iba ako referencia.<\/p>\n","protected":false},"excerpt":{"rendered":"<p class=\"intro spacer\">NC-typ cukrovej repy, Cr<\/p>\n<ul>\n<li>tandem rizomanick\u00e1 odroda<\/li>\n<li>vhodn\u00e1 na stredn\u00fd a\u017e neskor\u00fd zber<\/li>\n<li>vynikaj\u00faci komplexn\u00fd zdravotn\u00fd stav<\/li>\n<li>vylep\u0161en\u00e1 suchovzdornos\u0165<\/li>\n<\/ul>\n","protected":false},"featured_media":929,"template":"","meta":{"_acf_changed":false},"product_brand":[],"product_cat":[41],"product_tag":[],"class_list":{"0":"post-846","1":"product","2":"type-product","3":"status-publish","4":"has-post-thumbnail","6":"product_cat-rzcr","8":"first","9":"instock","10":"shipping-taxable","11":"purchasable","12":"product-type-simple"},"acf":[],"yoast_head":"<!-- This site is optimized with the Yoast SEO plugin v26.3 - https:\/\/yoast.com\/wordpress\/plugins\/seo\/ -->\n<title>ASPEN | SESVanderHave webov\u00fd rezerva\u010dn\u00fd formul\u00e1r Slovensko<\/title>\n<meta name=\"description\" content=\"Od osiva po cukrov\u00fa repu, od na\u0161ich pol\u00ed po va\u0161e polia. N\u00e1jdite tie najlep\u0161ie odrody Va\u0161ej cukrovej repy na str\u00e1nke SESVanderHave! Urobte rezerv\u00e1ciu hne\u010f! ASPEN\" \/>\n<meta name=\"robots\" content=\"index, follow, max-snippet:-1, max-image-preview:large, max-video-preview:-1\" \/>\n<link rel=\"canonical\" href=\"https:\/\/eshop.sesvanderhave.com\/sk\/product\/aspen\/\" \/>\n<meta property=\"og:locale\" content=\"sk_SK\" \/>\n<meta property=\"og:type\" content=\"article\" \/>\n<meta property=\"og:title\" content=\"ASPEN | SESVanderHave webov\u00fd rezerva\u010dn\u00fd formul\u00e1r Slovensko\" \/>\n<meta property=\"og:description\" content=\"Od osiva po cukrov\u00fa repu, od na\u0161ich pol\u00ed po va\u0161e polia. N\u00e1jdite tie najlep\u0161ie odrody Va\u0161ej cukrovej repy na str\u00e1nke SESVanderHave! Urobte rezerv\u00e1ciu hne\u010f! ASPEN\" \/>\n<meta property=\"og:url\" content=\"https:\/\/eshop.sesvanderhave.com\/sk\/product\/aspen\/\" \/>\n<meta property=\"og:site_name\" content=\"SESVanderHave webov\u00fd rezerva\u010dn\u00fd formul\u00e1r Slovensko\" \/>\n<meta property=\"article:publisher\" content=\"https:\/\/www.facebook.com\/SESVanderHave\/\" \/>\n<meta property=\"article:modified_time\" content=\"2025-11-10T15:42:33+00:00\" \/>\n<meta property=\"og:image\" content=\"https:\/\/eshop.sesvanderhave.com\/sk\/wp-content\/uploads\/sites\/7\/2025\/11\/SESVanderHave_Slovensko_osiva-cukrovej-repy_ASPEN.png\" \/>\n\t<meta property=\"og:image:width\" content=\"350\" \/>\n\t<meta property=\"og:image:height\" content=\"400\" \/>\n\t<meta property=\"og:image:type\" content=\"image\/png\" \/>\n<meta name=\"twitter:card\" content=\"summary_large_image\" \/>\n<meta name=\"twitter:site\" content=\"@sesvanderhave\" \/>\n<script type=\"application\/ld+json\" class=\"yoast-schema-graph\">{\"@context\":\"https:\/\/schema.org\",\"@graph\":[{\"@type\":\"WebPage\",\"@id\":\"https:\/\/eshop.sesvanderhave.com\/sk\/product\/aspen\/\",\"url\":\"https:\/\/eshop.sesvanderhave.com\/sk\/product\/aspen\/\",\"name\":\"ASPEN | SESVanderHave webov\u00fd rezerva\u010dn\u00fd formul\u00e1r Slovensko\",\"isPartOf\":{\"@id\":\"https:\/\/eshop.sesvanderhave.com\/sk\/#website\"},\"primaryImageOfPage\":{\"@id\":\"https:\/\/eshop.sesvanderhave.com\/sk\/product\/aspen\/#primaryimage\"},\"image\":{\"@id\":\"https:\/\/eshop.sesvanderhave.com\/sk\/product\/aspen\/#primaryimage\"},\"thumbnailUrl\":\"https:\/\/eshop.sesvanderhave.com\/sk\/wp-content\/uploads\/sites\/7\/2025\/11\/SESVanderHave_Slovensko_osiva-cukrovej-repy_ASPEN.png\",\"datePublished\":\"2023-09-29T12:43:47+00:00\",\"dateModified\":\"2025-11-10T15:42:33+00:00\",\"description\":\"Od osiva po cukrov\u00fa repu, od na\u0161ich pol\u00ed po va\u0161e polia. N\u00e1jdite tie najlep\u0161ie odrody Va\u0161ej cukrovej repy na str\u00e1nke SESVanderHave! Urobte rezerv\u00e1ciu hne\u010f! ASPEN\",\"breadcrumb\":{\"@id\":\"https:\/\/eshop.sesvanderhave.com\/sk\/product\/aspen\/#breadcrumb\"},\"inLanguage\":\"sk-SK\",\"potentialAction\":[{\"@type\":\"ReadAction\",\"target\":[\"https:\/\/eshop.sesvanderhave.com\/sk\/product\/aspen\/\"]}]},{\"@type\":\"ImageObject\",\"inLanguage\":\"sk-SK\",\"@id\":\"https:\/\/eshop.sesvanderhave.com\/sk\/product\/aspen\/#primaryimage\",\"url\":\"https:\/\/eshop.sesvanderhave.com\/sk\/wp-content\/uploads\/sites\/7\/2025\/11\/SESVanderHave_Slovensko_osiva-cukrovej-repy_ASPEN.png\",\"contentUrl\":\"https:\/\/eshop.sesvanderhave.com\/sk\/wp-content\/uploads\/sites\/7\/2025\/11\/SESVanderHave_Slovensko_osiva-cukrovej-repy_ASPEN.png\",\"width\":350,\"height\":400},{\"@type\":\"BreadcrumbList\",\"@id\":\"https:\/\/eshop.sesvanderhave.com\/sk\/product\/aspen\/#breadcrumb\",\"itemListElement\":[{\"@type\":\"ListItem\",\"position\":1,\"name\":\"Home\",\"item\":\"https:\/\/eshop.sesvanderhave.com\/sk\/\"},{\"@type\":\"ListItem\",\"position\":2,\"name\":\"SESVANDERHAVE WEBOV\u00dd REZERVA\u010cN\u00dd FORMUL\u00c1R\",\"item\":\"https:\/\/eshop.sesvanderhave.com\/sk\/shop\/\"},{\"@type\":\"ListItem\",\"position\":3,\"name\":\"ASPEN\"}]},{\"@type\":\"WebSite\",\"@id\":\"https:\/\/eshop.sesvanderhave.com\/sk\/#website\",\"url\":\"https:\/\/eshop.sesvanderhave.com\/sk\/\",\"name\":\"SESVanderHave webov\u00fd rezerva\u010dn\u00fd formul\u00e1r Slovensko\",\"description\":\"Va\u0161a online rezerv\u00e1cia osiva cukrovej repy\",\"publisher\":{\"@id\":\"https:\/\/eshop.sesvanderhave.com\/sk\/#organization\"},\"potentialAction\":[{\"@type\":\"SearchAction\",\"target\":{\"@type\":\"EntryPoint\",\"urlTemplate\":\"https:\/\/eshop.sesvanderhave.com\/sk\/?s={search_term_string}\"},\"query-input\":{\"@type\":\"PropertyValueSpecification\",\"valueRequired\":true,\"valueName\":\"search_term_string\"}}],\"inLanguage\":\"sk-SK\"},{\"@type\":\"Organization\",\"@id\":\"https:\/\/eshop.sesvanderhave.com\/sk\/#organization\",\"name\":\"SESVanderHave\",\"url\":\"https:\/\/eshop.sesvanderhave.com\/sk\/\",\"logo\":{\"@type\":\"ImageObject\",\"inLanguage\":\"sk-SK\",\"@id\":\"https:\/\/eshop.sesvanderhave.com\/sk\/#\/schema\/logo\/image\/\",\"url\":\"https:\/\/eshop.sesvanderhave.com\/sk\/wp-content\/uploads\/sites\/7\/2020\/10\/SV_Logo_web.png\",\"contentUrl\":\"https:\/\/eshop.sesvanderhave.com\/sk\/wp-content\/uploads\/sites\/7\/2020\/10\/SV_Logo_web.png\",\"width\":1920,\"height\":1080,\"caption\":\"SESVanderHave\"},\"image\":{\"@id\":\"https:\/\/eshop.sesvanderhave.com\/sk\/#\/schema\/logo\/image\/\"},\"sameAs\":[\"https:\/\/www.facebook.com\/SESVanderHave\/\",\"https:\/\/x.com\/sesvanderhave\",\"https:\/\/www.linkedin.com\/company\/sesvanderhave\",\"https:\/\/www.youtube.com\/user\/SESVANDERHAVEonline\"]}]}<\/script>\n<!-- \/ Yoast SEO plugin. -->","yoast_head_json":{"title":"ASPEN | SESVanderHave webov\u00fd rezerva\u010dn\u00fd formul\u00e1r Slovensko","description":"Od osiva po cukrov\u00fa repu, od na\u0161ich pol\u00ed po va\u0161e polia. N\u00e1jdite tie najlep\u0161ie odrody Va\u0161ej cukrovej repy na str\u00e1nke SESVanderHave! Urobte rezerv\u00e1ciu hne\u010f! ASPEN","robots":{"index":"index","follow":"follow","max-snippet":"max-snippet:-1","max-image-preview":"max-image-preview:large","max-video-preview":"max-video-preview:-1"},"canonical":"https:\/\/eshop.sesvanderhave.com\/sk\/product\/aspen\/","og_locale":"sk_SK","og_type":"article","og_title":"ASPEN | SESVanderHave webov\u00fd rezerva\u010dn\u00fd formul\u00e1r Slovensko","og_description":"Od osiva po cukrov\u00fa repu, od na\u0161ich pol\u00ed po va\u0161e polia. N\u00e1jdite tie najlep\u0161ie odrody Va\u0161ej cukrovej repy na str\u00e1nke SESVanderHave! Urobte rezerv\u00e1ciu hne\u010f! ASPEN","og_url":"https:\/\/eshop.sesvanderhave.com\/sk\/product\/aspen\/","og_site_name":"SESVanderHave webov\u00fd rezerva\u010dn\u00fd formul\u00e1r Slovensko","article_publisher":"https:\/\/www.facebook.com\/SESVanderHave\/","article_modified_time":"2025-11-10T15:42:33+00:00","og_image":[{"width":350,"height":400,"url":"https:\/\/eshop.sesvanderhave.com\/sk\/wp-content\/uploads\/sites\/7\/2025\/11\/SESVanderHave_Slovensko_osiva-cukrovej-repy_ASPEN.png","type":"image\/png"}],"twitter_card":"summary_large_image","twitter_site":"@sesvanderhave","schema":{"@context":"https:\/\/schema.org","@graph":[{"@type":"WebPage","@id":"https:\/\/eshop.sesvanderhave.com\/sk\/product\/aspen\/","url":"https:\/\/eshop.sesvanderhave.com\/sk\/product\/aspen\/","name":"ASPEN | SESVanderHave webov\u00fd rezerva\u010dn\u00fd formul\u00e1r Slovensko","isPartOf":{"@id":"https:\/\/eshop.sesvanderhave.com\/sk\/#website"},"primaryImageOfPage":{"@id":"https:\/\/eshop.sesvanderhave.com\/sk\/product\/aspen\/#primaryimage"},"image":{"@id":"https:\/\/eshop.sesvanderhave.com\/sk\/product\/aspen\/#primaryimage"},"thumbnailUrl":"https:\/\/eshop.sesvanderhave.com\/sk\/wp-content\/uploads\/sites\/7\/2025\/11\/SESVanderHave_Slovensko_osiva-cukrovej-repy_ASPEN.png","datePublished":"2023-09-29T12:43:47+00:00","dateModified":"2025-11-10T15:42:33+00:00","description":"Od osiva po cukrov\u00fa repu, od na\u0161ich pol\u00ed po va\u0161e polia. N\u00e1jdite tie najlep\u0161ie odrody Va\u0161ej cukrovej repy na str\u00e1nke SESVanderHave! Urobte rezerv\u00e1ciu hne\u010f! ASPEN","breadcrumb":{"@id":"https:\/\/eshop.sesvanderhave.com\/sk\/product\/aspen\/#breadcrumb"},"inLanguage":"sk-SK","potentialAction":[{"@type":"ReadAction","target":["https:\/\/eshop.sesvanderhave.com\/sk\/product\/aspen\/"]}]},{"@type":"ImageObject","inLanguage":"sk-SK","@id":"https:\/\/eshop.sesvanderhave.com\/sk\/product\/aspen\/#primaryimage","url":"https:\/\/eshop.sesvanderhave.com\/sk\/wp-content\/uploads\/sites\/7\/2025\/11\/SESVanderHave_Slovensko_osiva-cukrovej-repy_ASPEN.png","contentUrl":"https:\/\/eshop.sesvanderhave.com\/sk\/wp-content\/uploads\/sites\/7\/2025\/11\/SESVanderHave_Slovensko_osiva-cukrovej-repy_ASPEN.png","width":350,"height":400},{"@type":"BreadcrumbList","@id":"https:\/\/eshop.sesvanderhave.com\/sk\/product\/aspen\/#breadcrumb","itemListElement":[{"@type":"ListItem","position":1,"name":"Home","item":"https:\/\/eshop.sesvanderhave.com\/sk\/"},{"@type":"ListItem","position":2,"name":"SESVANDERHAVE WEBOV\u00dd REZERVA\u010cN\u00dd FORMUL\u00c1R","item":"https:\/\/eshop.sesvanderhave.com\/sk\/shop\/"},{"@type":"ListItem","position":3,"name":"ASPEN"}]},{"@type":"WebSite","@id":"https:\/\/eshop.sesvanderhave.com\/sk\/#website","url":"https:\/\/eshop.sesvanderhave.com\/sk\/","name":"SESVanderHave webov\u00fd rezerva\u010dn\u00fd formul\u00e1r Slovensko","description":"Va\u0161a online rezerv\u00e1cia osiva cukrovej repy","publisher":{"@id":"https:\/\/eshop.sesvanderhave.com\/sk\/#organization"},"potentialAction":[{"@type":"SearchAction","target":{"@type":"EntryPoint","urlTemplate":"https:\/\/eshop.sesvanderhave.com\/sk\/?s={search_term_string}"},"query-input":{"@type":"PropertyValueSpecification","valueRequired":true,"valueName":"search_term_string"}}],"inLanguage":"sk-SK"},{"@type":"Organization","@id":"https:\/\/eshop.sesvanderhave.com\/sk\/#organization","name":"SESVanderHave","url":"https:\/\/eshop.sesvanderhave.com\/sk\/","logo":{"@type":"ImageObject","inLanguage":"sk-SK","@id":"https:\/\/eshop.sesvanderhave.com\/sk\/#\/schema\/logo\/image\/","url":"https:\/\/eshop.sesvanderhave.com\/sk\/wp-content\/uploads\/sites\/7\/2020\/10\/SV_Logo_web.png","contentUrl":"https:\/\/eshop.sesvanderhave.com\/sk\/wp-content\/uploads\/sites\/7\/2020\/10\/SV_Logo_web.png","width":1920,"height":1080,"caption":"SESVanderHave"},"image":{"@id":"https:\/\/eshop.sesvanderhave.com\/sk\/#\/schema\/logo\/image\/"},"sameAs":["https:\/\/www.facebook.com\/SESVanderHave\/","https:\/\/x.com\/sesvanderhave","https:\/\/www.linkedin.com\/company\/sesvanderhave","https:\/\/www.youtube.com\/user\/SESVANDERHAVEonline"]}]}},"_links":{"self":[{"href":"https:\/\/eshop.sesvanderhave.com\/sk\/wp-json\/wp\/v2\/product\/846","targetHints":{"allow":["GET"]}}],"collection":[{"href":"https:\/\/eshop.sesvanderhave.com\/sk\/wp-json\/wp\/v2\/product"}],"about":[{"href":"https:\/\/eshop.sesvanderhave.com\/sk\/wp-json\/wp\/v2\/types\/product"}],"wp:featuredmedia":[{"embeddable":true,"href":"https:\/\/eshop.sesvanderhave.com\/sk\/wp-json\/wp\/v2\/media\/929"}],"wp:attachment":[{"href":"https:\/\/eshop.sesvanderhave.com\/sk\/wp-json\/wp\/v2\/media?parent=846"}],"wp:term":[{"taxonomy":"product_brand","embeddable":true,"href":"https:\/\/eshop.sesvanderhave.com\/sk\/wp-json\/wp\/v2\/product_brand?post=846"},{"taxonomy":"product_cat","embeddable":true,"href":"https:\/\/eshop.sesvanderhave.com\/sk\/wp-json\/wp\/v2\/product_cat?post=846"},{"taxonomy":"product_tag","embeddable":true,"href":"https:\/\/eshop.sesvanderhave.com\/sk\/wp-json\/wp\/v2\/product_tag?post=846"}],"curies":[{"name":"wp","href":"https:\/\/api.w.org\/{rel}","templated":true}]}}