{"id":350,"date":"2020-10-13T07:02:13","date_gmt":"2020-10-13T07:02:13","guid":{"rendered":"https:\/\/eshop.sesvanderhave.com\/sk\/?page_id=350"},"modified":"2021-09-09T14:07:22","modified_gmt":"2021-09-09T14:07:22","slug":"zasady-ochrany-osobnych-udajov","status":"publish","type":"page","link":"https:\/\/eshop.sesvanderhave.com\/sk\/zasady-ochrany-osobnych-udajov\/","title":{"rendered":"Z\u00e1sady ochrany osobn\u00fdch \u00fadajov"},"content":{"rendered":"","protected":false},"excerpt":{"rendered":"","protected":false},"author":64,"featured_media":0,"parent":0,"menu_order":0,"comment_status":"closed","ping_status":"closed","template":"template-general.php","meta":{"_acf_changed":false,"footnotes":""},"class_list":["post-350","page","type-page","status-publish","hentry"],"acf":[],"yoast_head":"<!-- This site is optimized with the Yoast SEO plugin v26.3 - https:\/\/yoast.com\/wordpress\/plugins\/seo\/ -->\n<title>Z\u00e1sady ochrany osobn\u00fdch \u00fadajov | SESVanderHave webov\u00fd rezerva\u010dn\u00fd formul\u00e1r Slovensko<\/title>\n<meta name=\"description\" content=\"Nav\u0161t\u00edvte n\u00e1\u0161 e-shop SESVanderHave! Od semien a\u017e po repu, z na\u0161ich pol\u00ed na va\u0161e polia. Rezervujte si najlep\u0161ie odrody osiva cukrovej repy priamo v na\u0161om webovom rezerva\u010dnom formul\u00e1ri! Zozn\u00e1mte sa so z\u00e1sadami ochrany osobn\u00fdch \u00fadajov n\u00e1\u0161ho e-shopu tu a k\u00fapte si semen\u00e1 online.\" \/>\n<meta name=\"robots\" content=\"noindex, follow\" \/>\n<meta property=\"og:locale\" content=\"sk_SK\" \/>\n<meta property=\"og:type\" content=\"article\" \/>\n<meta property=\"og:title\" content=\"Z\u00e1sady ochrany osobn\u00fdch \u00fadajov | SESVanderHave webov\u00fd rezerva\u010dn\u00fd formul\u00e1r Slovensko\" \/>\n<meta property=\"og:description\" content=\"Bes\u00f8g vores SESVanderHave e-shop! Fra fr\u00f8 til roer, fra vore marker til dine marker. Bestil de bedste sorter af sukkerroefr\u00f8 direkte i vores e-shop! Oplev privatlivspolitik for vores e-shop her, og k\u00f8b dine fr\u00f8 online.\" \/>\n<meta property=\"og:url\" content=\"https:\/\/eshop.sesvanderhave.com\/sk\/zasady-ochrany-osobnych-udajov\/\" \/>\n<meta property=\"og:site_name\" content=\"SESVanderHave webov\u00fd rezerva\u010dn\u00fd formul\u00e1r Slovensko\" \/>\n<meta property=\"article:publisher\" content=\"https:\/\/www.facebook.com\/SESVanderHave\/\" \/>\n<meta property=\"article:modified_time\" content=\"2021-09-09T14:07:22+00:00\" \/>\n<meta property=\"og:image\" content=\"https:\/\/eshop.sesvanderhave.com\/sk\/wp-content\/uploads\/sites\/7\/2020\/10\/Mailing-Header.jpg\" \/>\n\t<meta property=\"og:image:width\" content=\"600\" \/>\n\t<meta property=\"og:image:height\" content=\"350\" \/>\n\t<meta property=\"og:image:type\" content=\"image\/jpeg\" \/>\n<meta name=\"twitter:card\" content=\"summary_large_image\" \/>\n<meta name=\"twitter:title\" content=\"Z\u00e1sady ochrany osobn\u00fdch \u00fadajov | SESVanderHave webov\u00fd rezerva\u010dn\u00fd formul\u00e1r Slovensko\" \/>\n<meta name=\"twitter:description\" content=\"Bes\u00f8g vores SESVanderHave e-shop! Fra fr\u00f8 til roer, fra vore marker til dine marker. Bestil de bedste sorter af sukkerroefr\u00f8 direkte i vores e-shop! Oplev privatlivspolitik for vores e-shop her, og k\u00f8b dine fr\u00f8 online.\" \/>\n<meta name=\"twitter:site\" content=\"@sesvanderhave\" \/>\n<script type=\"application\/ld+json\" class=\"yoast-schema-graph\">{\"@context\":\"https:\/\/schema.org\",\"@graph\":[{\"@type\":\"WebPage\",\"@id\":\"https:\/\/eshop.sesvanderhave.com\/sk\/zasady-ochrany-osobnych-udajov\/\",\"url\":\"https:\/\/eshop.sesvanderhave.com\/sk\/zasady-ochrany-osobnych-udajov\/\",\"name\":\"Z\u00e1sady ochrany osobn\u00fdch \u00fadajov | SESVanderHave webov\u00fd rezerva\u010dn\u00fd formul\u00e1r Slovensko\",\"isPartOf\":{\"@id\":\"https:\/\/eshop.sesvanderhave.com\/sk\/#website\"},\"datePublished\":\"2020-10-13T07:02:13+00:00\",\"dateModified\":\"2021-09-09T14:07:22+00:00\",\"description\":\"Nav\u0161t\u00edvte n\u00e1\u0161 e-shop SESVanderHave! Od semien a\u017e po repu, z na\u0161ich pol\u00ed na va\u0161e polia. Rezervujte si najlep\u0161ie odrody osiva cukrovej repy priamo v na\u0161om webovom rezerva\u010dnom formul\u00e1ri! Zozn\u00e1mte sa so z\u00e1sadami ochrany osobn\u00fdch \u00fadajov n\u00e1\u0161ho e-shopu tu a k\u00fapte si semen\u00e1 online.\",\"breadcrumb\":{\"@id\":\"https:\/\/eshop.sesvanderhave.com\/sk\/zasady-ochrany-osobnych-udajov\/#breadcrumb\"},\"inLanguage\":\"sk-SK\",\"potentialAction\":[{\"@type\":\"ReadAction\",\"target\":[\"https:\/\/eshop.sesvanderhave.com\/sk\/zasady-ochrany-osobnych-udajov\/\"]}]},{\"@type\":\"BreadcrumbList\",\"@id\":\"https:\/\/eshop.sesvanderhave.com\/sk\/zasady-ochrany-osobnych-udajov\/#breadcrumb\",\"itemListElement\":[{\"@type\":\"ListItem\",\"position\":1,\"name\":\"Home\",\"item\":\"https:\/\/eshop.sesvanderhave.com\/sk\/\"},{\"@type\":\"ListItem\",\"position\":2,\"name\":\"Z\u00e1sady ochrany osobn\u00fdch \u00fadajov\"}]},{\"@type\":\"WebSite\",\"@id\":\"https:\/\/eshop.sesvanderhave.com\/sk\/#website\",\"url\":\"https:\/\/eshop.sesvanderhave.com\/sk\/\",\"name\":\"SESVanderHave webov\u00fd rezerva\u010dn\u00fd formul\u00e1r Slovensko\",\"description\":\"Va\u0161a online rezerv\u00e1cia osiva cukrovej repy\",\"publisher\":{\"@id\":\"https:\/\/eshop.sesvanderhave.com\/sk\/#organization\"},\"potentialAction\":[{\"@type\":\"SearchAction\",\"target\":{\"@type\":\"EntryPoint\",\"urlTemplate\":\"https:\/\/eshop.sesvanderhave.com\/sk\/?s={search_term_string}\"},\"query-input\":{\"@type\":\"PropertyValueSpecification\",\"valueRequired\":true,\"valueName\":\"search_term_string\"}}],\"inLanguage\":\"sk-SK\"},{\"@type\":\"Organization\",\"@id\":\"https:\/\/eshop.sesvanderhave.com\/sk\/#organization\",\"name\":\"SESVanderHave\",\"url\":\"https:\/\/eshop.sesvanderhave.com\/sk\/\",\"logo\":{\"@type\":\"ImageObject\",\"inLanguage\":\"sk-SK\",\"@id\":\"https:\/\/eshop.sesvanderhave.com\/sk\/#\/schema\/logo\/image\/\",\"url\":\"https:\/\/eshop.sesvanderhave.com\/sk\/wp-content\/uploads\/sites\/7\/2020\/10\/SV_Logo_web.png\",\"contentUrl\":\"https:\/\/eshop.sesvanderhave.com\/sk\/wp-content\/uploads\/sites\/7\/2020\/10\/SV_Logo_web.png\",\"width\":1920,\"height\":1080,\"caption\":\"SESVanderHave\"},\"image\":{\"@id\":\"https:\/\/eshop.sesvanderhave.com\/sk\/#\/schema\/logo\/image\/\"},\"sameAs\":[\"https:\/\/www.facebook.com\/SESVanderHave\/\",\"https:\/\/x.com\/sesvanderhave\",\"https:\/\/www.linkedin.com\/company\/sesvanderhave\",\"https:\/\/www.youtube.com\/user\/SESVANDERHAVEonline\"]}]}<\/script>\n<!-- \/ Yoast SEO plugin. -->","yoast_head_json":{"title":"Z\u00e1sady ochrany osobn\u00fdch \u00fadajov | SESVanderHave webov\u00fd rezerva\u010dn\u00fd formul\u00e1r Slovensko","description":"Nav\u0161t\u00edvte n\u00e1\u0161 e-shop SESVanderHave! Od semien a\u017e po repu, z na\u0161ich pol\u00ed na va\u0161e polia. Rezervujte si najlep\u0161ie odrody osiva cukrovej repy priamo v na\u0161om webovom rezerva\u010dnom formul\u00e1ri! Zozn\u00e1mte sa so z\u00e1sadami ochrany osobn\u00fdch \u00fadajov n\u00e1\u0161ho e-shopu tu a k\u00fapte si semen\u00e1 online.","robots":{"index":"noindex","follow":"follow"},"og_locale":"sk_SK","og_type":"article","og_title":"Z\u00e1sady ochrany osobn\u00fdch \u00fadajov | SESVanderHave webov\u00fd rezerva\u010dn\u00fd formul\u00e1r Slovensko","og_description":"Bes\u00f8g vores SESVanderHave e-shop! Fra fr\u00f8 til roer, fra vore marker til dine marker. Bestil de bedste sorter af sukkerroefr\u00f8 direkte i vores e-shop! Oplev privatlivspolitik for vores e-shop her, og k\u00f8b dine fr\u00f8 online.","og_url":"https:\/\/eshop.sesvanderhave.com\/sk\/zasady-ochrany-osobnych-udajov\/","og_site_name":"SESVanderHave webov\u00fd rezerva\u010dn\u00fd formul\u00e1r Slovensko","article_publisher":"https:\/\/www.facebook.com\/SESVanderHave\/","article_modified_time":"2021-09-09T14:07:22+00:00","og_image":[{"width":600,"height":350,"url":"https:\/\/eshop.sesvanderhave.com\/sk\/wp-content\/uploads\/sites\/7\/2020\/10\/Mailing-Header.jpg","type":"image\/jpeg"}],"twitter_card":"summary_large_image","twitter_title":"Z\u00e1sady ochrany osobn\u00fdch \u00fadajov | SESVanderHave webov\u00fd rezerva\u010dn\u00fd formul\u00e1r Slovensko","twitter_description":"Bes\u00f8g vores SESVanderHave e-shop! Fra fr\u00f8 til roer, fra vore marker til dine marker. Bestil de bedste sorter af sukkerroefr\u00f8 direkte i vores e-shop! Oplev privatlivspolitik for vores e-shop her, og k\u00f8b dine fr\u00f8 online.","twitter_site":"@sesvanderhave","schema":{"@context":"https:\/\/schema.org","@graph":[{"@type":"WebPage","@id":"https:\/\/eshop.sesvanderhave.com\/sk\/zasady-ochrany-osobnych-udajov\/","url":"https:\/\/eshop.sesvanderhave.com\/sk\/zasady-ochrany-osobnych-udajov\/","name":"Z\u00e1sady ochrany osobn\u00fdch \u00fadajov | SESVanderHave webov\u00fd rezerva\u010dn\u00fd formul\u00e1r Slovensko","isPartOf":{"@id":"https:\/\/eshop.sesvanderhave.com\/sk\/#website"},"datePublished":"2020-10-13T07:02:13+00:00","dateModified":"2021-09-09T14:07:22+00:00","description":"Nav\u0161t\u00edvte n\u00e1\u0161 e-shop SESVanderHave! Od semien a\u017e po repu, z na\u0161ich pol\u00ed na va\u0161e polia. Rezervujte si najlep\u0161ie odrody osiva cukrovej repy priamo v na\u0161om webovom rezerva\u010dnom formul\u00e1ri! Zozn\u00e1mte sa so z\u00e1sadami ochrany osobn\u00fdch \u00fadajov n\u00e1\u0161ho e-shopu tu a k\u00fapte si semen\u00e1 online.","breadcrumb":{"@id":"https:\/\/eshop.sesvanderhave.com\/sk\/zasady-ochrany-osobnych-udajov\/#breadcrumb"},"inLanguage":"sk-SK","potentialAction":[{"@type":"ReadAction","target":["https:\/\/eshop.sesvanderhave.com\/sk\/zasady-ochrany-osobnych-udajov\/"]}]},{"@type":"BreadcrumbList","@id":"https:\/\/eshop.sesvanderhave.com\/sk\/zasady-ochrany-osobnych-udajov\/#breadcrumb","itemListElement":[{"@type":"ListItem","position":1,"name":"Home","item":"https:\/\/eshop.sesvanderhave.com\/sk\/"},{"@type":"ListItem","position":2,"name":"Z\u00e1sady ochrany osobn\u00fdch \u00fadajov"}]},{"@type":"WebSite","@id":"https:\/\/eshop.sesvanderhave.com\/sk\/#website","url":"https:\/\/eshop.sesvanderhave.com\/sk\/","name":"SESVanderHave webov\u00fd rezerva\u010dn\u00fd formul\u00e1r Slovensko","description":"Va\u0161a online rezerv\u00e1cia osiva cukrovej repy","publisher":{"@id":"https:\/\/eshop.sesvanderhave.com\/sk\/#organization"},"potentialAction":[{"@type":"SearchAction","target":{"@type":"EntryPoint","urlTemplate":"https:\/\/eshop.sesvanderhave.com\/sk\/?s={search_term_string}"},"query-input":{"@type":"PropertyValueSpecification","valueRequired":true,"valueName":"search_term_string"}}],"inLanguage":"sk-SK"},{"@type":"Organization","@id":"https:\/\/eshop.sesvanderhave.com\/sk\/#organization","name":"SESVanderHave","url":"https:\/\/eshop.sesvanderhave.com\/sk\/","logo":{"@type":"ImageObject","inLanguage":"sk-SK","@id":"https:\/\/eshop.sesvanderhave.com\/sk\/#\/schema\/logo\/image\/","url":"https:\/\/eshop.sesvanderhave.com\/sk\/wp-content\/uploads\/sites\/7\/2020\/10\/SV_Logo_web.png","contentUrl":"https:\/\/eshop.sesvanderhave.com\/sk\/wp-content\/uploads\/sites\/7\/2020\/10\/SV_Logo_web.png","width":1920,"height":1080,"caption":"SESVanderHave"},"image":{"@id":"https:\/\/eshop.sesvanderhave.com\/sk\/#\/schema\/logo\/image\/"},"sameAs":["https:\/\/www.facebook.com\/SESVanderHave\/","https:\/\/x.com\/sesvanderhave","https:\/\/www.linkedin.com\/company\/sesvanderhave","https:\/\/www.youtube.com\/user\/SESVANDERHAVEonline"]}]}},"_links":{"self":[{"href":"https:\/\/eshop.sesvanderhave.com\/sk\/wp-json\/wp\/v2\/pages\/350","targetHints":{"allow":["GET"]}}],"collection":[{"href":"https:\/\/eshop.sesvanderhave.com\/sk\/wp-json\/wp\/v2\/pages"}],"about":[{"href":"https:\/\/eshop.sesvanderhave.com\/sk\/wp-json\/wp\/v2\/types\/page"}],"author":[{"embeddable":true,"href":"https:\/\/eshop.sesvanderhave.com\/sk\/wp-json\/wp\/v2\/users\/64"}],"replies":[{"embeddable":true,"href":"https:\/\/eshop.sesvanderhave.com\/sk\/wp-json\/wp\/v2\/comments?post=350"}],"version-history":[{"count":9,"href":"https:\/\/eshop.sesvanderhave.com\/sk\/wp-json\/wp\/v2\/pages\/350\/revisions"}],"predecessor-version":[{"id":761,"href":"https:\/\/eshop.sesvanderhave.com\/sk\/wp-json\/wp\/v2\/pages\/350\/revisions\/761"}],"wp:attachment":[{"href":"https:\/\/eshop.sesvanderhave.com\/sk\/wp-json\/wp\/v2\/media?parent=350"}],"curies":[{"name":"wp","href":"https:\/\/api.w.org\/{rel}","templated":true}]}}