{"id":576,"date":"2023-12-23T21:46:17","date_gmt":"2023-12-23T21:46:17","guid":{"rendered":"https:\/\/eshop.sesvanderhave.com\/se\/?post_type=product&#038;p=576"},"modified":"2026-02-09T15:28:21","modified_gmt":"2026-02-09T15:28:21","slug":"cachemire","status":"publish","type":"product","link":"https:\/\/eshop.sesvanderhave.com\/se\/product\/cachemire\/","title":{"rendered":"CACHEMIRE"},"content":{"rendered":"<p><strong>Endast behandlade fr\u00f6n tillg\u00e4ngliga!<\/strong><\/p>\n<p>V\u00e5rt SESVanderHave fr\u00f6 f\u00f6r Sverige har behandlats med BUTEO, Force 20 CS 10 och Tachigaren.<\/p>\n<p>Betat med det f\u00f6r \u00e5ret godk\u00e4nda betningmedlet.<\/p>\n<p><strong>H\u00e4mta sj\u00e4lv:<\/strong><\/p>\n<p>Du f\u00e5r 3 % rabatt p\u00e5 din order om du sj\u00e4lv h\u00e4mtar p\u00e5 UBS-lagret p\u00e5 Teglag\u00e5rden.<\/p>\n","protected":false},"excerpt":{"rendered":"<h3>CACHEMIRE<\/h3>\n<p><img loading=\"lazy\" decoding=\"async\" class=\"alignnone size-full wp-image-589\" src=\"https:\/\/eshop.sesvanderhave.com\/se\/wp-content\/uploads\/sites\/6\/2022\/12\/EASYbeet-logo.jpg\" alt=\"\" width=\"300\" height=\"156\" \/><\/p>\n<ul>\n<li>H\u00f6gst avkastande sort i nematodsegmentet i NBRs fler\u00e5riga f\u00f6rs\u00f6k (rel. 104 i 3-\u00e5rs gns.)<\/li>\n<li>Snabb groning och uppkomst<\/li>\n<li>H\u00f6gst plantantal<\/li>\n<li>B\u00e4sta blast och snabbast uppkomst<\/li>\n<\/ul>\n<p><span style=\"color: #bd192e\"><strong>Webbutiken \u00e4r st\u00e4ngd. <\/strong><br \/>\nHar du pl\u00f6tsligt uppt\u00e4ckt att du beh\u00f6ver fler kvalitetsfr\u00f6n?<br \/>\nKontakta <strong>Sven \u00c5kesson <a href=\"tel:+46705715503\">+46 705 71 55 03<\/a> <\/strong> omedelbart s\u00e5 f\u00f6rs\u00f6ker han hitta en l\u00f6sning.<br \/>\nAlla rotfrukter f\u00f6rtj\u00e4nar fr\u00f6n fr\u00e5n SESVANDERHAVE.<\/span><\/p>\n","protected":false},"featured_media":672,"template":"","meta":{"_acf_changed":false},"product_brand":[],"product_cat":[19],"product_tag":[],"class_list":{"0":"post-576","1":"product","2":"type-product","3":"status-publish","4":"has-post-thumbnail","6":"product_cat-sockerbetsfro-nematodsorter","8":"first","9":"outofstock","10":"shipping-taxable","11":"purchasable","12":"product-type-simple"},"acf":[],"yoast_head":"<!-- This site is optimized with the Yoast SEO plugin v26.3 - https:\/\/yoast.com\/wordpress\/plugins\/seo\/ -->\n<title>CACHEMIRE | SESVanderHave e-shop Sverige<\/title>\n<meta name=\"description\" content=\"Fr\u00e5n fr\u00f6n till sockerbetor, fr\u00e5n v\u00e5ra f\u00e4lt till dina f\u00e4lt. Best\u00e4ll de b\u00e4sta sockerbetsfr\u00f6 sorterna i v\u00e5r nya e-shop!\" \/>\n<meta name=\"robots\" content=\"index, follow, max-snippet:-1, max-image-preview:large, max-video-preview:-1\" \/>\n<link rel=\"canonical\" href=\"https:\/\/eshop.sesvanderhave.com\/se\/product\/cachemire\/\" \/>\n<meta property=\"og:locale\" content=\"sv_SE\" \/>\n<meta property=\"og:type\" content=\"article\" \/>\n<meta property=\"og:title\" content=\"CACHEMIRE | SESVanderHave e-shop Sverige\" \/>\n<meta property=\"og:description\" content=\"Fr\u00e5n fr\u00f6n till sockerbetor, fr\u00e5n v\u00e5ra f\u00e4lt till dina f\u00e4lt. Best\u00e4ll de b\u00e4sta sockerbetsfr\u00f6 sorterna i v\u00e5r nya e-shop!\" \/>\n<meta property=\"og:url\" content=\"https:\/\/eshop.sesvanderhave.com\/se\/product\/cachemire\/\" \/>\n<meta property=\"og:site_name\" content=\"SESVanderHave e-shop Sverige\" \/>\n<meta property=\"article:publisher\" content=\"https:\/\/www.facebook.com\/SESVanderHave\/\" \/>\n<meta property=\"article:modified_time\" content=\"2026-02-09T15:28:21+00:00\" \/>\n<meta property=\"og:image\" content=\"https:\/\/eshop.sesvanderhave.com\/se\/wp-content\/uploads\/sites\/6\/2024\/12\/SV-powered-by-UBS_1-1_unit_3D_CACHEMIRE.png\" \/>\n\t<meta property=\"og:image:width\" content=\"350\" \/>\n\t<meta property=\"og:image:height\" content=\"400\" \/>\n\t<meta property=\"og:image:type\" content=\"image\/png\" \/>\n<meta name=\"twitter:card\" content=\"summary_large_image\" \/>\n<meta name=\"twitter:site\" content=\"@sesvanderhave\" \/>\n<meta name=\"twitter:label1\" content=\"Ber\u00e4knad l\u00e4stid\" \/>\n\t<meta name=\"twitter:data1\" content=\"1 minut\" \/>\n<script type=\"application\/ld+json\" class=\"yoast-schema-graph\">{\"@context\":\"https:\/\/schema.org\",\"@graph\":[{\"@type\":\"WebPage\",\"@id\":\"https:\/\/eshop.sesvanderhave.com\/se\/product\/cachemire\/\",\"url\":\"https:\/\/eshop.sesvanderhave.com\/se\/product\/cachemire\/\",\"name\":\"CACHEMIRE | SESVanderHave e-shop Sverige\",\"isPartOf\":{\"@id\":\"https:\/\/eshop.sesvanderhave.com\/se\/#website\"},\"primaryImageOfPage\":{\"@id\":\"https:\/\/eshop.sesvanderhave.com\/se\/product\/cachemire\/#primaryimage\"},\"image\":{\"@id\":\"https:\/\/eshop.sesvanderhave.com\/se\/product\/cachemire\/#primaryimage\"},\"thumbnailUrl\":\"https:\/\/eshop.sesvanderhave.com\/se\/wp-content\/uploads\/sites\/6\/2024\/12\/SV-powered-by-UBS_1-1_unit_3D_CACHEMIRE.png\",\"datePublished\":\"2023-12-23T21:46:17+00:00\",\"dateModified\":\"2026-02-09T15:28:21+00:00\",\"description\":\"Fr\u00e5n fr\u00f6n till sockerbetor, fr\u00e5n v\u00e5ra f\u00e4lt till dina f\u00e4lt. Best\u00e4ll de b\u00e4sta sockerbetsfr\u00f6 sorterna i v\u00e5r nya e-shop!\",\"breadcrumb\":{\"@id\":\"https:\/\/eshop.sesvanderhave.com\/se\/product\/cachemire\/#breadcrumb\"},\"inLanguage\":\"sv-SE\",\"potentialAction\":[{\"@type\":\"ReadAction\",\"target\":[\"https:\/\/eshop.sesvanderhave.com\/se\/product\/cachemire\/\"]}]},{\"@type\":\"ImageObject\",\"inLanguage\":\"sv-SE\",\"@id\":\"https:\/\/eshop.sesvanderhave.com\/se\/product\/cachemire\/#primaryimage\",\"url\":\"https:\/\/eshop.sesvanderhave.com\/se\/wp-content\/uploads\/sites\/6\/2024\/12\/SV-powered-by-UBS_1-1_unit_3D_CACHEMIRE.png\",\"contentUrl\":\"https:\/\/eshop.sesvanderhave.com\/se\/wp-content\/uploads\/sites\/6\/2024\/12\/SV-powered-by-UBS_1-1_unit_3D_CACHEMIRE.png\",\"width\":350,\"height\":400},{\"@type\":\"BreadcrumbList\",\"@id\":\"https:\/\/eshop.sesvanderhave.com\/se\/product\/cachemire\/#breadcrumb\",\"itemListElement\":[{\"@type\":\"ListItem\",\"position\":1,\"name\":\"Home\",\"item\":\"https:\/\/eshop.sesvanderhave.com\/se\/\"},{\"@type\":\"ListItem\",\"position\":2,\"name\":\"SHOP\",\"item\":\"https:\/\/eshop.sesvanderhave.com\/se\/shop\/\"},{\"@type\":\"ListItem\",\"position\":3,\"name\":\"CACHEMIRE\"}]},{\"@type\":\"WebSite\",\"@id\":\"https:\/\/eshop.sesvanderhave.com\/se\/#website\",\"url\":\"https:\/\/eshop.sesvanderhave.com\/se\/\",\"name\":\"SESVanderHave e-shop Sverige\",\"description\":\"K\u00f6p ditt sockerbetfr\u00f6n online!\",\"publisher\":{\"@id\":\"https:\/\/eshop.sesvanderhave.com\/se\/#organization\"},\"potentialAction\":[{\"@type\":\"SearchAction\",\"target\":{\"@type\":\"EntryPoint\",\"urlTemplate\":\"https:\/\/eshop.sesvanderhave.com\/se\/?s={search_term_string}\"},\"query-input\":{\"@type\":\"PropertyValueSpecification\",\"valueRequired\":true,\"valueName\":\"search_term_string\"}}],\"inLanguage\":\"sv-SE\"},{\"@type\":\"Organization\",\"@id\":\"https:\/\/eshop.sesvanderhave.com\/se\/#organization\",\"name\":\"SESVanderHave\",\"url\":\"https:\/\/eshop.sesvanderhave.com\/se\/\",\"logo\":{\"@type\":\"ImageObject\",\"inLanguage\":\"sv-SE\",\"@id\":\"https:\/\/eshop.sesvanderhave.com\/se\/#\/schema\/logo\/image\/\",\"url\":\"https:\/\/eshop.sesvanderhave.com\/se\/wp-content\/uploads\/sites\/6\/2020\/10\/SV_Logo_web.png\",\"contentUrl\":\"https:\/\/eshop.sesvanderhave.com\/se\/wp-content\/uploads\/sites\/6\/2020\/10\/SV_Logo_web.png\",\"width\":1920,\"height\":1080,\"caption\":\"SESVanderHave\"},\"image\":{\"@id\":\"https:\/\/eshop.sesvanderhave.com\/se\/#\/schema\/logo\/image\/\"},\"sameAs\":[\"https:\/\/www.facebook.com\/SESVanderHave\/\",\"https:\/\/x.com\/sesvanderhave\",\"https:\/\/www.linkedin.com\/company\/sesvanderhave\",\"https:\/\/www.youtube.com\/user\/SESVANDERHAVEonline\"]}]}<\/script>\n<!-- \/ Yoast SEO plugin. -->","yoast_head_json":{"title":"CACHEMIRE | SESVanderHave e-shop Sverige","description":"Fr\u00e5n fr\u00f6n till sockerbetor, fr\u00e5n v\u00e5ra f\u00e4lt till dina f\u00e4lt. Best\u00e4ll de b\u00e4sta sockerbetsfr\u00f6 sorterna i v\u00e5r nya e-shop!","robots":{"index":"index","follow":"follow","max-snippet":"max-snippet:-1","max-image-preview":"max-image-preview:large","max-video-preview":"max-video-preview:-1"},"canonical":"https:\/\/eshop.sesvanderhave.com\/se\/product\/cachemire\/","og_locale":"sv_SE","og_type":"article","og_title":"CACHEMIRE | SESVanderHave e-shop Sverige","og_description":"Fr\u00e5n fr\u00f6n till sockerbetor, fr\u00e5n v\u00e5ra f\u00e4lt till dina f\u00e4lt. Best\u00e4ll de b\u00e4sta sockerbetsfr\u00f6 sorterna i v\u00e5r nya e-shop!","og_url":"https:\/\/eshop.sesvanderhave.com\/se\/product\/cachemire\/","og_site_name":"SESVanderHave e-shop Sverige","article_publisher":"https:\/\/www.facebook.com\/SESVanderHave\/","article_modified_time":"2026-02-09T15:28:21+00:00","og_image":[{"width":350,"height":400,"url":"https:\/\/eshop.sesvanderhave.com\/se\/wp-content\/uploads\/sites\/6\/2024\/12\/SV-powered-by-UBS_1-1_unit_3D_CACHEMIRE.png","type":"image\/png"}],"twitter_card":"summary_large_image","twitter_site":"@sesvanderhave","twitter_misc":{"Ber\u00e4knad l\u00e4stid":"1 minut"},"schema":{"@context":"https:\/\/schema.org","@graph":[{"@type":"WebPage","@id":"https:\/\/eshop.sesvanderhave.com\/se\/product\/cachemire\/","url":"https:\/\/eshop.sesvanderhave.com\/se\/product\/cachemire\/","name":"CACHEMIRE | SESVanderHave e-shop Sverige","isPartOf":{"@id":"https:\/\/eshop.sesvanderhave.com\/se\/#website"},"primaryImageOfPage":{"@id":"https:\/\/eshop.sesvanderhave.com\/se\/product\/cachemire\/#primaryimage"},"image":{"@id":"https:\/\/eshop.sesvanderhave.com\/se\/product\/cachemire\/#primaryimage"},"thumbnailUrl":"https:\/\/eshop.sesvanderhave.com\/se\/wp-content\/uploads\/sites\/6\/2024\/12\/SV-powered-by-UBS_1-1_unit_3D_CACHEMIRE.png","datePublished":"2023-12-23T21:46:17+00:00","dateModified":"2026-02-09T15:28:21+00:00","description":"Fr\u00e5n fr\u00f6n till sockerbetor, fr\u00e5n v\u00e5ra f\u00e4lt till dina f\u00e4lt. Best\u00e4ll de b\u00e4sta sockerbetsfr\u00f6 sorterna i v\u00e5r nya e-shop!","breadcrumb":{"@id":"https:\/\/eshop.sesvanderhave.com\/se\/product\/cachemire\/#breadcrumb"},"inLanguage":"sv-SE","potentialAction":[{"@type":"ReadAction","target":["https:\/\/eshop.sesvanderhave.com\/se\/product\/cachemire\/"]}]},{"@type":"ImageObject","inLanguage":"sv-SE","@id":"https:\/\/eshop.sesvanderhave.com\/se\/product\/cachemire\/#primaryimage","url":"https:\/\/eshop.sesvanderhave.com\/se\/wp-content\/uploads\/sites\/6\/2024\/12\/SV-powered-by-UBS_1-1_unit_3D_CACHEMIRE.png","contentUrl":"https:\/\/eshop.sesvanderhave.com\/se\/wp-content\/uploads\/sites\/6\/2024\/12\/SV-powered-by-UBS_1-1_unit_3D_CACHEMIRE.png","width":350,"height":400},{"@type":"BreadcrumbList","@id":"https:\/\/eshop.sesvanderhave.com\/se\/product\/cachemire\/#breadcrumb","itemListElement":[{"@type":"ListItem","position":1,"name":"Home","item":"https:\/\/eshop.sesvanderhave.com\/se\/"},{"@type":"ListItem","position":2,"name":"SHOP","item":"https:\/\/eshop.sesvanderhave.com\/se\/shop\/"},{"@type":"ListItem","position":3,"name":"CACHEMIRE"}]},{"@type":"WebSite","@id":"https:\/\/eshop.sesvanderhave.com\/se\/#website","url":"https:\/\/eshop.sesvanderhave.com\/se\/","name":"SESVanderHave e-shop Sverige","description":"K\u00f6p ditt sockerbetfr\u00f6n online!","publisher":{"@id":"https:\/\/eshop.sesvanderhave.com\/se\/#organization"},"potentialAction":[{"@type":"SearchAction","target":{"@type":"EntryPoint","urlTemplate":"https:\/\/eshop.sesvanderhave.com\/se\/?s={search_term_string}"},"query-input":{"@type":"PropertyValueSpecification","valueRequired":true,"valueName":"search_term_string"}}],"inLanguage":"sv-SE"},{"@type":"Organization","@id":"https:\/\/eshop.sesvanderhave.com\/se\/#organization","name":"SESVanderHave","url":"https:\/\/eshop.sesvanderhave.com\/se\/","logo":{"@type":"ImageObject","inLanguage":"sv-SE","@id":"https:\/\/eshop.sesvanderhave.com\/se\/#\/schema\/logo\/image\/","url":"https:\/\/eshop.sesvanderhave.com\/se\/wp-content\/uploads\/sites\/6\/2020\/10\/SV_Logo_web.png","contentUrl":"https:\/\/eshop.sesvanderhave.com\/se\/wp-content\/uploads\/sites\/6\/2020\/10\/SV_Logo_web.png","width":1920,"height":1080,"caption":"SESVanderHave"},"image":{"@id":"https:\/\/eshop.sesvanderhave.com\/se\/#\/schema\/logo\/image\/"},"sameAs":["https:\/\/www.facebook.com\/SESVanderHave\/","https:\/\/x.com\/sesvanderhave","https:\/\/www.linkedin.com\/company\/sesvanderhave","https:\/\/www.youtube.com\/user\/SESVANDERHAVEonline"]}]}},"_links":{"self":[{"href":"https:\/\/eshop.sesvanderhave.com\/se\/wp-json\/wp\/v2\/product\/576","targetHints":{"allow":["GET"]}}],"collection":[{"href":"https:\/\/eshop.sesvanderhave.com\/se\/wp-json\/wp\/v2\/product"}],"about":[{"href":"https:\/\/eshop.sesvanderhave.com\/se\/wp-json\/wp\/v2\/types\/product"}],"wp:featuredmedia":[{"embeddable":true,"href":"https:\/\/eshop.sesvanderhave.com\/se\/wp-json\/wp\/v2\/media\/672"}],"wp:attachment":[{"href":"https:\/\/eshop.sesvanderhave.com\/se\/wp-json\/wp\/v2\/media?parent=576"}],"wp:term":[{"taxonomy":"product_brand","embeddable":true,"href":"https:\/\/eshop.sesvanderhave.com\/se\/wp-json\/wp\/v2\/product_brand?post=576"},{"taxonomy":"product_cat","embeddable":true,"href":"https:\/\/eshop.sesvanderhave.com\/se\/wp-json\/wp\/v2\/product_cat?post=576"},{"taxonomy":"product_tag","embeddable":true,"href":"https:\/\/eshop.sesvanderhave.com\/se\/wp-json\/wp\/v2\/product_tag?post=576"}],"curies":[{"name":"wp","href":"https:\/\/api.w.org\/{rel}","templated":true}]}}