{"id":59,"date":"2020-09-28T17:07:43","date_gmt":"2020-09-28T17:07:43","guid":{"rendered":"https:\/\/eshop.sesvanderhave.com\/se\/?page_id=59"},"modified":"2025-12-15T10:59:56","modified_gmt":"2025-12-15T10:59:56","slug":"faq","status":"publish","type":"page","link":"https:\/\/eshop.sesvanderhave.com\/se\/faq\/","title":{"rendered":"FAQ (Vanliga fr\u00e5gor)"},"content":{"rendered":"","protected":false},"excerpt":{"rendered":"","protected":false},"author":64,"featured_media":0,"parent":0,"menu_order":0,"comment_status":"closed","ping_status":"closed","template":"template-faq.php","meta":{"_acf_changed":false,"footnotes":""},"class_list":["post-59","page","type-page","status-publish","hentry"],"acf":[],"yoast_head":"<!-- This site is optimized with the Yoast SEO plugin v26.3 - https:\/\/yoast.com\/wordpress\/plugins\/seo\/ -->\n<title>FAQ (Vanliga fr\u00e5gor) | SESVanderHave e-shop Sverige<\/title>\n<meta name=\"description\" content=\"H\u00e4r hittar du svaren p\u00e5 v\u00e5ra vanliga fr\u00e5gor. Om du inte hittar svaret p\u00e5 dina fr\u00e5gor h\u00e4r, v\u00e4nligen kontakta v\u00e5r kundtj\u00e4nst. De hj\u00e4lper dig efter b\u00e4sta f\u00f6rm\u00e5ga.\" \/>\n<meta name=\"robots\" content=\"index, follow, max-snippet:-1, max-image-preview:large, max-video-preview:-1\" \/>\n<link rel=\"canonical\" href=\"https:\/\/eshop.sesvanderhave.com\/se\/faq\/\" \/>\n<meta property=\"og:locale\" content=\"sv_SE\" \/>\n<meta property=\"og:type\" content=\"article\" \/>\n<meta property=\"og:title\" content=\"FAQ (Vanliga fr\u00e5gor) | SESVanderHave e-shop Sverige\" \/>\n<meta property=\"og:description\" content=\"H\u00e4r hittar du svaren p\u00e5 v\u00e5ra vanliga fr\u00e5gor. Om du inte hittar svaret p\u00e5 dina fr\u00e5gor h\u00e4r, v\u00e4nligen kontakta v\u00e5r kundtj\u00e4nst. De hj\u00e4lper dig efter b\u00e4sta f\u00f6rm\u00e5ga.\" \/>\n<meta property=\"og:url\" content=\"https:\/\/eshop.sesvanderhave.com\/se\/faq\/\" \/>\n<meta property=\"og:site_name\" content=\"SESVanderHave e-shop Sverige\" \/>\n<meta property=\"article:publisher\" content=\"https:\/\/www.facebook.com\/SESVanderHave\/\" \/>\n<meta property=\"article:modified_time\" content=\"2025-12-15T10:59:56+00:00\" \/>\n<meta property=\"og:image\" content=\"https:\/\/eshop.sesvanderhave.com\/se\/wp-content\/uploads\/sites\/6\/2020\/10\/Mailing-Header.jpg\" \/>\n\t<meta property=\"og:image:width\" content=\"600\" \/>\n\t<meta property=\"og:image:height\" content=\"350\" \/>\n\t<meta property=\"og:image:type\" content=\"image\/jpeg\" \/>\n<meta name=\"twitter:card\" content=\"summary_large_image\" \/>\n<meta name=\"twitter:site\" content=\"@sesvanderhave\" \/>\n<script type=\"application\/ld+json\" class=\"yoast-schema-graph\">{\"@context\":\"https:\/\/schema.org\",\"@graph\":[{\"@type\":\"WebPage\",\"@id\":\"https:\/\/eshop.sesvanderhave.com\/se\/faq\/\",\"url\":\"https:\/\/eshop.sesvanderhave.com\/se\/faq\/\",\"name\":\"FAQ (Vanliga fr\u00e5gor) | SESVanderHave e-shop Sverige\",\"isPartOf\":{\"@id\":\"https:\/\/eshop.sesvanderhave.com\/se\/#website\"},\"datePublished\":\"2020-09-28T17:07:43+00:00\",\"dateModified\":\"2025-12-15T10:59:56+00:00\",\"description\":\"H\u00e4r hittar du svaren p\u00e5 v\u00e5ra vanliga fr\u00e5gor. Om du inte hittar svaret p\u00e5 dina fr\u00e5gor h\u00e4r, v\u00e4nligen kontakta v\u00e5r kundtj\u00e4nst. De hj\u00e4lper dig efter b\u00e4sta f\u00f6rm\u00e5ga.\",\"breadcrumb\":{\"@id\":\"https:\/\/eshop.sesvanderhave.com\/se\/faq\/#breadcrumb\"},\"inLanguage\":\"sv-SE\",\"potentialAction\":[{\"@type\":\"ReadAction\",\"target\":[\"https:\/\/eshop.sesvanderhave.com\/se\/faq\/\"]}]},{\"@type\":\"BreadcrumbList\",\"@id\":\"https:\/\/eshop.sesvanderhave.com\/se\/faq\/#breadcrumb\",\"itemListElement\":[{\"@type\":\"ListItem\",\"position\":1,\"name\":\"Home\",\"item\":\"https:\/\/eshop.sesvanderhave.com\/se\/\"},{\"@type\":\"ListItem\",\"position\":2,\"name\":\"FAQ (Vanliga fr\u00e5gor)\"}]},{\"@type\":\"WebSite\",\"@id\":\"https:\/\/eshop.sesvanderhave.com\/se\/#website\",\"url\":\"https:\/\/eshop.sesvanderhave.com\/se\/\",\"name\":\"SESVanderHave e-shop Sverige\",\"description\":\"K\u00f6p ditt sockerbetfr\u00f6n online!\",\"publisher\":{\"@id\":\"https:\/\/eshop.sesvanderhave.com\/se\/#organization\"},\"potentialAction\":[{\"@type\":\"SearchAction\",\"target\":{\"@type\":\"EntryPoint\",\"urlTemplate\":\"https:\/\/eshop.sesvanderhave.com\/se\/?s={search_term_string}\"},\"query-input\":{\"@type\":\"PropertyValueSpecification\",\"valueRequired\":true,\"valueName\":\"search_term_string\"}}],\"inLanguage\":\"sv-SE\"},{\"@type\":\"Organization\",\"@id\":\"https:\/\/eshop.sesvanderhave.com\/se\/#organization\",\"name\":\"SESVanderHave\",\"url\":\"https:\/\/eshop.sesvanderhave.com\/se\/\",\"logo\":{\"@type\":\"ImageObject\",\"inLanguage\":\"sv-SE\",\"@id\":\"https:\/\/eshop.sesvanderhave.com\/se\/#\/schema\/logo\/image\/\",\"url\":\"https:\/\/eshop.sesvanderhave.com\/se\/wp-content\/uploads\/sites\/6\/2020\/10\/SV_Logo_web.png\",\"contentUrl\":\"https:\/\/eshop.sesvanderhave.com\/se\/wp-content\/uploads\/sites\/6\/2020\/10\/SV_Logo_web.png\",\"width\":1920,\"height\":1080,\"caption\":\"SESVanderHave\"},\"image\":{\"@id\":\"https:\/\/eshop.sesvanderhave.com\/se\/#\/schema\/logo\/image\/\"},\"sameAs\":[\"https:\/\/www.facebook.com\/SESVanderHave\/\",\"https:\/\/x.com\/sesvanderhave\",\"https:\/\/www.linkedin.com\/company\/sesvanderhave\",\"https:\/\/www.youtube.com\/user\/SESVANDERHAVEonline\"]}]}<\/script>\n<!-- \/ Yoast SEO plugin. -->","yoast_head_json":{"title":"FAQ (Vanliga fr\u00e5gor) | SESVanderHave e-shop Sverige","description":"H\u00e4r hittar du svaren p\u00e5 v\u00e5ra vanliga fr\u00e5gor. Om du inte hittar svaret p\u00e5 dina fr\u00e5gor h\u00e4r, v\u00e4nligen kontakta v\u00e5r kundtj\u00e4nst. De hj\u00e4lper dig efter b\u00e4sta f\u00f6rm\u00e5ga.","robots":{"index":"index","follow":"follow","max-snippet":"max-snippet:-1","max-image-preview":"max-image-preview:large","max-video-preview":"max-video-preview:-1"},"canonical":"https:\/\/eshop.sesvanderhave.com\/se\/faq\/","og_locale":"sv_SE","og_type":"article","og_title":"FAQ (Vanliga fr\u00e5gor) | SESVanderHave e-shop Sverige","og_description":"H\u00e4r hittar du svaren p\u00e5 v\u00e5ra vanliga fr\u00e5gor. Om du inte hittar svaret p\u00e5 dina fr\u00e5gor h\u00e4r, v\u00e4nligen kontakta v\u00e5r kundtj\u00e4nst. De hj\u00e4lper dig efter b\u00e4sta f\u00f6rm\u00e5ga.","og_url":"https:\/\/eshop.sesvanderhave.com\/se\/faq\/","og_site_name":"SESVanderHave e-shop Sverige","article_publisher":"https:\/\/www.facebook.com\/SESVanderHave\/","article_modified_time":"2025-12-15T10:59:56+00:00","og_image":[{"width":600,"height":350,"url":"https:\/\/eshop.sesvanderhave.com\/se\/wp-content\/uploads\/sites\/6\/2020\/10\/Mailing-Header.jpg","type":"image\/jpeg"}],"twitter_card":"summary_large_image","twitter_site":"@sesvanderhave","schema":{"@context":"https:\/\/schema.org","@graph":[{"@type":"WebPage","@id":"https:\/\/eshop.sesvanderhave.com\/se\/faq\/","url":"https:\/\/eshop.sesvanderhave.com\/se\/faq\/","name":"FAQ (Vanliga fr\u00e5gor) | SESVanderHave e-shop Sverige","isPartOf":{"@id":"https:\/\/eshop.sesvanderhave.com\/se\/#website"},"datePublished":"2020-09-28T17:07:43+00:00","dateModified":"2025-12-15T10:59:56+00:00","description":"H\u00e4r hittar du svaren p\u00e5 v\u00e5ra vanliga fr\u00e5gor. Om du inte hittar svaret p\u00e5 dina fr\u00e5gor h\u00e4r, v\u00e4nligen kontakta v\u00e5r kundtj\u00e4nst. De hj\u00e4lper dig efter b\u00e4sta f\u00f6rm\u00e5ga.","breadcrumb":{"@id":"https:\/\/eshop.sesvanderhave.com\/se\/faq\/#breadcrumb"},"inLanguage":"sv-SE","potentialAction":[{"@type":"ReadAction","target":["https:\/\/eshop.sesvanderhave.com\/se\/faq\/"]}]},{"@type":"BreadcrumbList","@id":"https:\/\/eshop.sesvanderhave.com\/se\/faq\/#breadcrumb","itemListElement":[{"@type":"ListItem","position":1,"name":"Home","item":"https:\/\/eshop.sesvanderhave.com\/se\/"},{"@type":"ListItem","position":2,"name":"FAQ (Vanliga fr\u00e5gor)"}]},{"@type":"WebSite","@id":"https:\/\/eshop.sesvanderhave.com\/se\/#website","url":"https:\/\/eshop.sesvanderhave.com\/se\/","name":"SESVanderHave e-shop Sverige","description":"K\u00f6p ditt sockerbetfr\u00f6n online!","publisher":{"@id":"https:\/\/eshop.sesvanderhave.com\/se\/#organization"},"potentialAction":[{"@type":"SearchAction","target":{"@type":"EntryPoint","urlTemplate":"https:\/\/eshop.sesvanderhave.com\/se\/?s={search_term_string}"},"query-input":{"@type":"PropertyValueSpecification","valueRequired":true,"valueName":"search_term_string"}}],"inLanguage":"sv-SE"},{"@type":"Organization","@id":"https:\/\/eshop.sesvanderhave.com\/se\/#organization","name":"SESVanderHave","url":"https:\/\/eshop.sesvanderhave.com\/se\/","logo":{"@type":"ImageObject","inLanguage":"sv-SE","@id":"https:\/\/eshop.sesvanderhave.com\/se\/#\/schema\/logo\/image\/","url":"https:\/\/eshop.sesvanderhave.com\/se\/wp-content\/uploads\/sites\/6\/2020\/10\/SV_Logo_web.png","contentUrl":"https:\/\/eshop.sesvanderhave.com\/se\/wp-content\/uploads\/sites\/6\/2020\/10\/SV_Logo_web.png","width":1920,"height":1080,"caption":"SESVanderHave"},"image":{"@id":"https:\/\/eshop.sesvanderhave.com\/se\/#\/schema\/logo\/image\/"},"sameAs":["https:\/\/www.facebook.com\/SESVanderHave\/","https:\/\/x.com\/sesvanderhave","https:\/\/www.linkedin.com\/company\/sesvanderhave","https:\/\/www.youtube.com\/user\/SESVANDERHAVEonline"]}]}},"_links":{"self":[{"href":"https:\/\/eshop.sesvanderhave.com\/se\/wp-json\/wp\/v2\/pages\/59","targetHints":{"allow":["GET"]}}],"collection":[{"href":"https:\/\/eshop.sesvanderhave.com\/se\/wp-json\/wp\/v2\/pages"}],"about":[{"href":"https:\/\/eshop.sesvanderhave.com\/se\/wp-json\/wp\/v2\/types\/page"}],"author":[{"embeddable":true,"href":"https:\/\/eshop.sesvanderhave.com\/se\/wp-json\/wp\/v2\/users\/64"}],"replies":[{"embeddable":true,"href":"https:\/\/eshop.sesvanderhave.com\/se\/wp-json\/wp\/v2\/comments?post=59"}],"version-history":[{"count":39,"href":"https:\/\/eshop.sesvanderhave.com\/se\/wp-json\/wp\/v2\/pages\/59\/revisions"}],"predecessor-version":[{"id":674,"href":"https:\/\/eshop.sesvanderhave.com\/se\/wp-json\/wp\/v2\/pages\/59\/revisions\/674"}],"wp:attachment":[{"href":"https:\/\/eshop.sesvanderhave.com\/se\/wp-json\/wp\/v2\/media?parent=59"}],"curies":[{"name":"wp","href":"https:\/\/api.w.org\/{rel}","templated":true}]}}