{"id":352,"date":"2020-10-13T07:05:54","date_gmt":"2020-10-13T07:05:54","guid":{"rendered":"https:\/\/eshop.sesvanderhave.com\/se\/?page_id=352"},"modified":"2020-10-23T09:58:59","modified_gmt":"2020-10-23T09:58:59","slug":"kakpolicy","status":"publish","type":"page","link":"https:\/\/eshop.sesvanderhave.com\/se\/kakpolicy\/","title":{"rendered":"KAKPOLICY"},"content":{"rendered":"","protected":false},"excerpt":{"rendered":"","protected":false},"author":8,"featured_media":0,"parent":0,"menu_order":0,"comment_status":"closed","ping_status":"closed","template":"template-general.php","meta":{"_acf_changed":false,"footnotes":""},"class_list":["post-352","page","type-page","status-publish","hentry"],"acf":[],"yoast_head":"<!-- This site is optimized with the Yoast SEO plugin v26.3 - https:\/\/yoast.com\/wordpress\/plugins\/seo\/ -->\n<title>KAKPOLICY | SESVanderHave e-shop Sverige<\/title>\n<meta name=\"description\" content=\"V\u00e4lkommen till v\u00e5r SESVanderHave e-shop! Fr\u00e5n fr\u00f6n till sockerbetor, fr\u00e5n v\u00e5ra f\u00e4lt till dina f\u00e4lt. Uppt\u00e4ck h\u00e4r kakpolicy f\u00f6r v\u00e5r e-butik och k\u00f6p dina fr\u00f6n online.\" \/>\n<meta name=\"robots\" content=\"noindex, follow\" \/>\n<meta property=\"og:locale\" content=\"sv_SE\" \/>\n<meta property=\"og:type\" content=\"article\" \/>\n<meta property=\"og:title\" content=\"KAKPOLICY | SESVanderHave e-shop Sverige\" \/>\n<meta property=\"og:description\" content=\"V\u00e4lkommen till v\u00e5r SESVanderHave e-shop! Fr\u00e5n fr\u00f6n till sockerbetor, fr\u00e5n v\u00e5ra f\u00e4lt till dina f\u00e4lt. Uppt\u00e4ck h\u00e4r kakpolicy f\u00f6r v\u00e5r e-butik och k\u00f6p dina fr\u00f6n online.\" \/>\n<meta property=\"og:url\" content=\"https:\/\/eshop.sesvanderhave.com\/se\/kakpolicy\/\" \/>\n<meta property=\"og:site_name\" content=\"SESVanderHave e-shop Sverige\" \/>\n<meta property=\"article:publisher\" content=\"https:\/\/www.facebook.com\/SESVanderHave\/\" \/>\n<meta property=\"article:modified_time\" content=\"2020-10-23T09:58:59+00:00\" \/>\n<meta property=\"og:image\" content=\"https:\/\/eshop.sesvanderhave.com\/se\/wp-content\/uploads\/sites\/6\/2020\/10\/Mailing-Header.jpg\" \/>\n\t<meta property=\"og:image:width\" content=\"600\" \/>\n\t<meta property=\"og:image:height\" content=\"350\" \/>\n\t<meta property=\"og:image:type\" content=\"image\/jpeg\" \/>\n<meta name=\"twitter:card\" content=\"summary_large_image\" \/>\n<meta name=\"twitter:site\" content=\"@sesvanderhave\" \/>\n<script type=\"application\/ld+json\" class=\"yoast-schema-graph\">{\"@context\":\"https:\/\/schema.org\",\"@graph\":[{\"@type\":\"WebPage\",\"@id\":\"https:\/\/eshop.sesvanderhave.com\/se\/kakpolicy\/\",\"url\":\"https:\/\/eshop.sesvanderhave.com\/se\/kakpolicy\/\",\"name\":\"KAKPOLICY | SESVanderHave e-shop Sverige\",\"isPartOf\":{\"@id\":\"https:\/\/eshop.sesvanderhave.com\/se\/#website\"},\"datePublished\":\"2020-10-13T07:05:54+00:00\",\"dateModified\":\"2020-10-23T09:58:59+00:00\",\"description\":\"V\u00e4lkommen till v\u00e5r SESVanderHave e-shop! Fr\u00e5n fr\u00f6n till sockerbetor, fr\u00e5n v\u00e5ra f\u00e4lt till dina f\u00e4lt. Uppt\u00e4ck h\u00e4r kakpolicy f\u00f6r v\u00e5r e-butik och k\u00f6p dina fr\u00f6n online.\",\"breadcrumb\":{\"@id\":\"https:\/\/eshop.sesvanderhave.com\/se\/kakpolicy\/#breadcrumb\"},\"inLanguage\":\"sv-SE\",\"potentialAction\":[{\"@type\":\"ReadAction\",\"target\":[\"https:\/\/eshop.sesvanderhave.com\/se\/kakpolicy\/\"]}]},{\"@type\":\"BreadcrumbList\",\"@id\":\"https:\/\/eshop.sesvanderhave.com\/se\/kakpolicy\/#breadcrumb\",\"itemListElement\":[{\"@type\":\"ListItem\",\"position\":1,\"name\":\"Home\",\"item\":\"https:\/\/eshop.sesvanderhave.com\/se\/\"},{\"@type\":\"ListItem\",\"position\":2,\"name\":\"KAKPOLICY\"}]},{\"@type\":\"WebSite\",\"@id\":\"https:\/\/eshop.sesvanderhave.com\/se\/#website\",\"url\":\"https:\/\/eshop.sesvanderhave.com\/se\/\",\"name\":\"SESVanderHave e-shop Sverige\",\"description\":\"K\u00f6p ditt sockerbetfr\u00f6n online!\",\"publisher\":{\"@id\":\"https:\/\/eshop.sesvanderhave.com\/se\/#organization\"},\"potentialAction\":[{\"@type\":\"SearchAction\",\"target\":{\"@type\":\"EntryPoint\",\"urlTemplate\":\"https:\/\/eshop.sesvanderhave.com\/se\/?s={search_term_string}\"},\"query-input\":{\"@type\":\"PropertyValueSpecification\",\"valueRequired\":true,\"valueName\":\"search_term_string\"}}],\"inLanguage\":\"sv-SE\"},{\"@type\":\"Organization\",\"@id\":\"https:\/\/eshop.sesvanderhave.com\/se\/#organization\",\"name\":\"SESVanderHave\",\"url\":\"https:\/\/eshop.sesvanderhave.com\/se\/\",\"logo\":{\"@type\":\"ImageObject\",\"inLanguage\":\"sv-SE\",\"@id\":\"https:\/\/eshop.sesvanderhave.com\/se\/#\/schema\/logo\/image\/\",\"url\":\"https:\/\/eshop.sesvanderhave.com\/se\/wp-content\/uploads\/sites\/6\/2020\/10\/SV_Logo_web.png\",\"contentUrl\":\"https:\/\/eshop.sesvanderhave.com\/se\/wp-content\/uploads\/sites\/6\/2020\/10\/SV_Logo_web.png\",\"width\":1920,\"height\":1080,\"caption\":\"SESVanderHave\"},\"image\":{\"@id\":\"https:\/\/eshop.sesvanderhave.com\/se\/#\/schema\/logo\/image\/\"},\"sameAs\":[\"https:\/\/www.facebook.com\/SESVanderHave\/\",\"https:\/\/x.com\/sesvanderhave\",\"https:\/\/www.linkedin.com\/company\/sesvanderhave\",\"https:\/\/www.youtube.com\/user\/SESVANDERHAVEonline\"]}]}<\/script>\n<!-- \/ Yoast SEO plugin. -->","yoast_head_json":{"title":"KAKPOLICY | SESVanderHave e-shop Sverige","description":"V\u00e4lkommen till v\u00e5r SESVanderHave e-shop! Fr\u00e5n fr\u00f6n till sockerbetor, fr\u00e5n v\u00e5ra f\u00e4lt till dina f\u00e4lt. Uppt\u00e4ck h\u00e4r kakpolicy f\u00f6r v\u00e5r e-butik och k\u00f6p dina fr\u00f6n online.","robots":{"index":"noindex","follow":"follow"},"og_locale":"sv_SE","og_type":"article","og_title":"KAKPOLICY | SESVanderHave e-shop Sverige","og_description":"V\u00e4lkommen till v\u00e5r SESVanderHave e-shop! Fr\u00e5n fr\u00f6n till sockerbetor, fr\u00e5n v\u00e5ra f\u00e4lt till dina f\u00e4lt. Uppt\u00e4ck h\u00e4r kakpolicy f\u00f6r v\u00e5r e-butik och k\u00f6p dina fr\u00f6n online.","og_url":"https:\/\/eshop.sesvanderhave.com\/se\/kakpolicy\/","og_site_name":"SESVanderHave e-shop Sverige","article_publisher":"https:\/\/www.facebook.com\/SESVanderHave\/","article_modified_time":"2020-10-23T09:58:59+00:00","og_image":[{"width":600,"height":350,"url":"https:\/\/eshop.sesvanderhave.com\/se\/wp-content\/uploads\/sites\/6\/2020\/10\/Mailing-Header.jpg","type":"image\/jpeg"}],"twitter_card":"summary_large_image","twitter_site":"@sesvanderhave","schema":{"@context":"https:\/\/schema.org","@graph":[{"@type":"WebPage","@id":"https:\/\/eshop.sesvanderhave.com\/se\/kakpolicy\/","url":"https:\/\/eshop.sesvanderhave.com\/se\/kakpolicy\/","name":"KAKPOLICY | SESVanderHave e-shop Sverige","isPartOf":{"@id":"https:\/\/eshop.sesvanderhave.com\/se\/#website"},"datePublished":"2020-10-13T07:05:54+00:00","dateModified":"2020-10-23T09:58:59+00:00","description":"V\u00e4lkommen till v\u00e5r SESVanderHave e-shop! Fr\u00e5n fr\u00f6n till sockerbetor, fr\u00e5n v\u00e5ra f\u00e4lt till dina f\u00e4lt. Uppt\u00e4ck h\u00e4r kakpolicy f\u00f6r v\u00e5r e-butik och k\u00f6p dina fr\u00f6n online.","breadcrumb":{"@id":"https:\/\/eshop.sesvanderhave.com\/se\/kakpolicy\/#breadcrumb"},"inLanguage":"sv-SE","potentialAction":[{"@type":"ReadAction","target":["https:\/\/eshop.sesvanderhave.com\/se\/kakpolicy\/"]}]},{"@type":"BreadcrumbList","@id":"https:\/\/eshop.sesvanderhave.com\/se\/kakpolicy\/#breadcrumb","itemListElement":[{"@type":"ListItem","position":1,"name":"Home","item":"https:\/\/eshop.sesvanderhave.com\/se\/"},{"@type":"ListItem","position":2,"name":"KAKPOLICY"}]},{"@type":"WebSite","@id":"https:\/\/eshop.sesvanderhave.com\/se\/#website","url":"https:\/\/eshop.sesvanderhave.com\/se\/","name":"SESVanderHave e-shop Sverige","description":"K\u00f6p ditt sockerbetfr\u00f6n online!","publisher":{"@id":"https:\/\/eshop.sesvanderhave.com\/se\/#organization"},"potentialAction":[{"@type":"SearchAction","target":{"@type":"EntryPoint","urlTemplate":"https:\/\/eshop.sesvanderhave.com\/se\/?s={search_term_string}"},"query-input":{"@type":"PropertyValueSpecification","valueRequired":true,"valueName":"search_term_string"}}],"inLanguage":"sv-SE"},{"@type":"Organization","@id":"https:\/\/eshop.sesvanderhave.com\/se\/#organization","name":"SESVanderHave","url":"https:\/\/eshop.sesvanderhave.com\/se\/","logo":{"@type":"ImageObject","inLanguage":"sv-SE","@id":"https:\/\/eshop.sesvanderhave.com\/se\/#\/schema\/logo\/image\/","url":"https:\/\/eshop.sesvanderhave.com\/se\/wp-content\/uploads\/sites\/6\/2020\/10\/SV_Logo_web.png","contentUrl":"https:\/\/eshop.sesvanderhave.com\/se\/wp-content\/uploads\/sites\/6\/2020\/10\/SV_Logo_web.png","width":1920,"height":1080,"caption":"SESVanderHave"},"image":{"@id":"https:\/\/eshop.sesvanderhave.com\/se\/#\/schema\/logo\/image\/"},"sameAs":["https:\/\/www.facebook.com\/SESVanderHave\/","https:\/\/x.com\/sesvanderhave","https:\/\/www.linkedin.com\/company\/sesvanderhave","https:\/\/www.youtube.com\/user\/SESVANDERHAVEonline"]}]}},"_links":{"self":[{"href":"https:\/\/eshop.sesvanderhave.com\/se\/wp-json\/wp\/v2\/pages\/352","targetHints":{"allow":["GET"]}}],"collection":[{"href":"https:\/\/eshop.sesvanderhave.com\/se\/wp-json\/wp\/v2\/pages"}],"about":[{"href":"https:\/\/eshop.sesvanderhave.com\/se\/wp-json\/wp\/v2\/types\/page"}],"author":[{"embeddable":true,"href":"https:\/\/eshop.sesvanderhave.com\/se\/wp-json\/wp\/v2\/users\/8"}],"replies":[{"embeddable":true,"href":"https:\/\/eshop.sesvanderhave.com\/se\/wp-json\/wp\/v2\/comments?post=352"}],"version-history":[{"count":7,"href":"https:\/\/eshop.sesvanderhave.com\/se\/wp-json\/wp\/v2\/pages\/352\/revisions"}],"predecessor-version":[{"id":486,"href":"https:\/\/eshop.sesvanderhave.com\/se\/wp-json\/wp\/v2\/pages\/352\/revisions\/486"}],"wp:attachment":[{"href":"https:\/\/eshop.sesvanderhave.com\/se\/wp-json\/wp\/v2\/media?parent=352"}],"curies":[{"name":"wp","href":"https:\/\/api.w.org\/{rel}","templated":true}]}}