{"id":635,"date":"2022-11-22T10:17:27","date_gmt":"2022-11-22T10:17:27","guid":{"rendered":"https:\/\/eshop.sesvanderhave.com\/dk\/?post_type=product&#038;p=635"},"modified":"2026-01-26T09:53:47","modified_gmt":"2026-01-26T09:53:47","slug":"blans","status":"publish","type":"product","link":"https:\/\/eshop.sesvanderhave.com\/dk\/product\/blans\/","title":{"rendered":"BLANS"},"content":{"rendered":"<p>Alt fr\u00f8 til Danmark er som udgangspunkt bejdset med Buteo, Force, Tachigaren og Rampart. <\/br><br \/>\nDu f\u00e5r 3 % rabat s\u00e5fremt, du selv afhenter dit fr\u00f8 p\u00e5 UBS lageret i Holeby.<\/p>\n","protected":false},"excerpt":{"rendered":"<h3>BLANS<\/h3>\n<p><img loading=\"lazy\" decoding=\"async\" class=\"alignnone size-full wp-image-589\" src=\"https:\/\/eshop.sesvanderhave.com\/dk\/wp-content\/uploads\/sites\/5\/2022\/12\/SESVanderHave-sugar-beet-varieties-best-premium-beet-varieties-EASYbeet-label.jpg\" alt=\"\" width=\"300\" height=\"156\" \/><\/p>\n<ul>\n<li>H\u00f8jtydende sort til jord uden nematoder<\/li>\n<li>Ekstrem hurtig fremspiring<\/li>\n<li>Meget h\u00f8j sukkerprocent<\/li>\n<li>Maksimalt bladd\u00e6kke<\/li>\n<li>Glat roe \u2013 lille rodfure<\/li>\n<li>St\u00e6rk yderhud (velegnet til lagring- mindre kuletab)<\/li>\n<li>Velegnet til optagning hele kampagnen<\/li>\n<\/ul>\n<p><\/br><span style=\"color: #bd192e\"><strong>Vores e-shop er midlertidigt lukket &#8211; Ring venligst til Salgschef Henrik M\u00f8ller<br \/>\n<\/strong>Henrik M\u00f8ller<\/span><br \/>\n<span style=\"color: #bd192e\">Commercial Manager<\/span><br \/>\n<span style=\"color: #bd192e\">E-mail:\u00a0<a style=\"color: #bd192e\" href=\"mailto:henrik.moller@sesvanderhave.com\">henrik.moller@sesvanderhave.com<\/a><\/span><br \/>\n<span style=\"color: #bd192e\">Telefon:\u00a0<\/span><a href=\"tel:004521491424\"><span style=\"color: #bd192e\">+45 21 49 14 24<\/span><\/a><\/p>\n","protected":false},"featured_media":865,"template":"","meta":{"_acf_changed":false},"product_brand":[],"product_cat":[17],"product_tag":[],"class_list":{"0":"post-635","1":"product","2":"type-product","3":"status-publish","4":"has-post-thumbnail","6":"product_cat-sukkerroefroe-rizomania-sorter","8":"first","9":"outofstock","10":"shipping-taxable","11":"purchasable","12":"product-type-simple"},"acf":[],"yoast_head":"<!-- This site is optimized with the Yoast SEO plugin v26.3 - https:\/\/yoast.com\/wordpress\/plugins\/seo\/ -->\n<title>BLANS | SESVanderHave e-shop Danmark<\/title>\n<meta name=\"description\" content=\"Fra fr\u00f8 til roer, fra vore marker til dine marker. Bestil de bedste sorter af sukkerroefr\u00f8 direkte i vores e-shop!\" \/>\n<meta name=\"robots\" content=\"index, follow, max-snippet:-1, max-image-preview:large, max-video-preview:-1\" \/>\n<link rel=\"canonical\" href=\"https:\/\/eshop.sesvanderhave.com\/dk\/product\/blans\/\" \/>\n<meta property=\"og:locale\" content=\"da_DK\" \/>\n<meta property=\"og:type\" content=\"article\" \/>\n<meta property=\"og:title\" content=\"BLANS | SESVanderHave e-shop Danmark\" \/>\n<meta property=\"og:description\" content=\"Fra fr\u00f8 til roer, fra vore marker til dine marker. Bestil de bedste sorter af sukkerroefr\u00f8 direkte i vores e-shop!\" \/>\n<meta property=\"og:url\" content=\"https:\/\/eshop.sesvanderhave.com\/dk\/product\/blans\/\" \/>\n<meta property=\"og:site_name\" content=\"SESVanderHave e-shop Danmark\" \/>\n<meta property=\"article:publisher\" content=\"https:\/\/www.facebook.com\/SESVanderHave\/\" \/>\n<meta property=\"article:modified_time\" content=\"2026-01-26T09:53:47+00:00\" \/>\n<meta property=\"og:image\" content=\"https:\/\/eshop.sesvanderhave.com\/dk\/wp-content\/uploads\/sites\/5\/2020\/11\/Blans.png\" \/>\n\t<meta property=\"og:image:width\" content=\"759\" \/>\n\t<meta property=\"og:image:height\" content=\"917\" \/>\n\t<meta property=\"og:image:type\" content=\"image\/png\" \/>\n<meta name=\"twitter:card\" content=\"summary_large_image\" \/>\n<meta name=\"twitter:site\" content=\"@sesvanderhave\" \/>\n<meta name=\"twitter:label1\" content=\"Estimeret l\u00e6setid\" \/>\n\t<meta name=\"twitter:data1\" content=\"1 minut\" \/>\n<script type=\"application\/ld+json\" class=\"yoast-schema-graph\">{\"@context\":\"https:\/\/schema.org\",\"@graph\":[{\"@type\":\"WebPage\",\"@id\":\"https:\/\/eshop.sesvanderhave.com\/dk\/product\/blans\/\",\"url\":\"https:\/\/eshop.sesvanderhave.com\/dk\/product\/blans\/\",\"name\":\"BLANS | SESVanderHave e-shop Danmark\",\"isPartOf\":{\"@id\":\"https:\/\/eshop.sesvanderhave.com\/dk\/#website\"},\"primaryImageOfPage\":{\"@id\":\"https:\/\/eshop.sesvanderhave.com\/dk\/product\/blans\/#primaryimage\"},\"image\":{\"@id\":\"https:\/\/eshop.sesvanderhave.com\/dk\/product\/blans\/#primaryimage\"},\"thumbnailUrl\":\"https:\/\/eshop.sesvanderhave.com\/dk\/wp-content\/uploads\/sites\/5\/2020\/11\/Blans.png\",\"datePublished\":\"2022-11-22T10:17:27+00:00\",\"dateModified\":\"2026-01-26T09:53:47+00:00\",\"description\":\"Fra fr\u00f8 til roer, fra vore marker til dine marker. Bestil de bedste sorter af sukkerroefr\u00f8 direkte i vores e-shop!\",\"breadcrumb\":{\"@id\":\"https:\/\/eshop.sesvanderhave.com\/dk\/product\/blans\/#breadcrumb\"},\"inLanguage\":\"da-DK\",\"potentialAction\":[{\"@type\":\"ReadAction\",\"target\":[\"https:\/\/eshop.sesvanderhave.com\/dk\/product\/blans\/\"]}]},{\"@type\":\"ImageObject\",\"inLanguage\":\"da-DK\",\"@id\":\"https:\/\/eshop.sesvanderhave.com\/dk\/product\/blans\/#primaryimage\",\"url\":\"https:\/\/eshop.sesvanderhave.com\/dk\/wp-content\/uploads\/sites\/5\/2020\/11\/Blans.png\",\"contentUrl\":\"https:\/\/eshop.sesvanderhave.com\/dk\/wp-content\/uploads\/sites\/5\/2020\/11\/Blans.png\",\"width\":759,\"height\":917},{\"@type\":\"BreadcrumbList\",\"@id\":\"https:\/\/eshop.sesvanderhave.com\/dk\/product\/blans\/#breadcrumb\",\"itemListElement\":[{\"@type\":\"ListItem\",\"position\":1,\"name\":\"Home\",\"item\":\"https:\/\/eshop.sesvanderhave.com\/dk\/\"},{\"@type\":\"ListItem\",\"position\":2,\"name\":\"SHOP\",\"item\":\"https:\/\/eshop.sesvanderhave.com\/dk\/shop\/\"},{\"@type\":\"ListItem\",\"position\":3,\"name\":\"BLANS\"}]},{\"@type\":\"WebSite\",\"@id\":\"https:\/\/eshop.sesvanderhave.com\/dk\/#website\",\"url\":\"https:\/\/eshop.sesvanderhave.com\/dk\/\",\"name\":\"SESVanderHave e-shop Danmark\",\"description\":\"K\u00f8b dine sukkerroefr\u00f8 online!\",\"publisher\":{\"@id\":\"https:\/\/eshop.sesvanderhave.com\/dk\/#organization\"},\"potentialAction\":[{\"@type\":\"SearchAction\",\"target\":{\"@type\":\"EntryPoint\",\"urlTemplate\":\"https:\/\/eshop.sesvanderhave.com\/dk\/?s={search_term_string}\"},\"query-input\":{\"@type\":\"PropertyValueSpecification\",\"valueRequired\":true,\"valueName\":\"search_term_string\"}}],\"inLanguage\":\"da-DK\"},{\"@type\":\"Organization\",\"@id\":\"https:\/\/eshop.sesvanderhave.com\/dk\/#organization\",\"name\":\"SESVanderHave\",\"url\":\"https:\/\/eshop.sesvanderhave.com\/dk\/\",\"logo\":{\"@type\":\"ImageObject\",\"inLanguage\":\"da-DK\",\"@id\":\"https:\/\/eshop.sesvanderhave.com\/dk\/#\/schema\/logo\/image\/\",\"url\":\"https:\/\/eshop.sesvanderhave.com\/dk\/wp-content\/uploads\/sites\/5\/2020\/10\/SV_Logo_web.png\",\"contentUrl\":\"https:\/\/eshop.sesvanderhave.com\/dk\/wp-content\/uploads\/sites\/5\/2020\/10\/SV_Logo_web.png\",\"width\":1920,\"height\":1080,\"caption\":\"SESVanderHave\"},\"image\":{\"@id\":\"https:\/\/eshop.sesvanderhave.com\/dk\/#\/schema\/logo\/image\/\"},\"sameAs\":[\"https:\/\/www.facebook.com\/SESVanderHave\/\",\"https:\/\/x.com\/sesvanderhave\",\"https:\/\/www.linkedin.com\/company\/sesvanderhave\",\"https:\/\/www.youtube.com\/user\/SESVANDERHAVEonline\"]}]}<\/script>\n<!-- \/ Yoast SEO plugin. -->","yoast_head_json":{"title":"BLANS | SESVanderHave e-shop Danmark","description":"Fra fr\u00f8 til roer, fra vore marker til dine marker. Bestil de bedste sorter af sukkerroefr\u00f8 direkte i vores e-shop!","robots":{"index":"index","follow":"follow","max-snippet":"max-snippet:-1","max-image-preview":"max-image-preview:large","max-video-preview":"max-video-preview:-1"},"canonical":"https:\/\/eshop.sesvanderhave.com\/dk\/product\/blans\/","og_locale":"da_DK","og_type":"article","og_title":"BLANS | SESVanderHave e-shop Danmark","og_description":"Fra fr\u00f8 til roer, fra vore marker til dine marker. Bestil de bedste sorter af sukkerroefr\u00f8 direkte i vores e-shop!","og_url":"https:\/\/eshop.sesvanderhave.com\/dk\/product\/blans\/","og_site_name":"SESVanderHave e-shop Danmark","article_publisher":"https:\/\/www.facebook.com\/SESVanderHave\/","article_modified_time":"2026-01-26T09:53:47+00:00","og_image":[{"width":759,"height":917,"url":"https:\/\/eshop.sesvanderhave.com\/dk\/wp-content\/uploads\/sites\/5\/2020\/11\/Blans.png","type":"image\/png"}],"twitter_card":"summary_large_image","twitter_site":"@sesvanderhave","twitter_misc":{"Estimeret l\u00e6setid":"1 minut"},"schema":{"@context":"https:\/\/schema.org","@graph":[{"@type":"WebPage","@id":"https:\/\/eshop.sesvanderhave.com\/dk\/product\/blans\/","url":"https:\/\/eshop.sesvanderhave.com\/dk\/product\/blans\/","name":"BLANS | SESVanderHave e-shop Danmark","isPartOf":{"@id":"https:\/\/eshop.sesvanderhave.com\/dk\/#website"},"primaryImageOfPage":{"@id":"https:\/\/eshop.sesvanderhave.com\/dk\/product\/blans\/#primaryimage"},"image":{"@id":"https:\/\/eshop.sesvanderhave.com\/dk\/product\/blans\/#primaryimage"},"thumbnailUrl":"https:\/\/eshop.sesvanderhave.com\/dk\/wp-content\/uploads\/sites\/5\/2020\/11\/Blans.png","datePublished":"2022-11-22T10:17:27+00:00","dateModified":"2026-01-26T09:53:47+00:00","description":"Fra fr\u00f8 til roer, fra vore marker til dine marker. Bestil de bedste sorter af sukkerroefr\u00f8 direkte i vores e-shop!","breadcrumb":{"@id":"https:\/\/eshop.sesvanderhave.com\/dk\/product\/blans\/#breadcrumb"},"inLanguage":"da-DK","potentialAction":[{"@type":"ReadAction","target":["https:\/\/eshop.sesvanderhave.com\/dk\/product\/blans\/"]}]},{"@type":"ImageObject","inLanguage":"da-DK","@id":"https:\/\/eshop.sesvanderhave.com\/dk\/product\/blans\/#primaryimage","url":"https:\/\/eshop.sesvanderhave.com\/dk\/wp-content\/uploads\/sites\/5\/2020\/11\/Blans.png","contentUrl":"https:\/\/eshop.sesvanderhave.com\/dk\/wp-content\/uploads\/sites\/5\/2020\/11\/Blans.png","width":759,"height":917},{"@type":"BreadcrumbList","@id":"https:\/\/eshop.sesvanderhave.com\/dk\/product\/blans\/#breadcrumb","itemListElement":[{"@type":"ListItem","position":1,"name":"Home","item":"https:\/\/eshop.sesvanderhave.com\/dk\/"},{"@type":"ListItem","position":2,"name":"SHOP","item":"https:\/\/eshop.sesvanderhave.com\/dk\/shop\/"},{"@type":"ListItem","position":3,"name":"BLANS"}]},{"@type":"WebSite","@id":"https:\/\/eshop.sesvanderhave.com\/dk\/#website","url":"https:\/\/eshop.sesvanderhave.com\/dk\/","name":"SESVanderHave e-shop Danmark","description":"K\u00f8b dine sukkerroefr\u00f8 online!","publisher":{"@id":"https:\/\/eshop.sesvanderhave.com\/dk\/#organization"},"potentialAction":[{"@type":"SearchAction","target":{"@type":"EntryPoint","urlTemplate":"https:\/\/eshop.sesvanderhave.com\/dk\/?s={search_term_string}"},"query-input":{"@type":"PropertyValueSpecification","valueRequired":true,"valueName":"search_term_string"}}],"inLanguage":"da-DK"},{"@type":"Organization","@id":"https:\/\/eshop.sesvanderhave.com\/dk\/#organization","name":"SESVanderHave","url":"https:\/\/eshop.sesvanderhave.com\/dk\/","logo":{"@type":"ImageObject","inLanguage":"da-DK","@id":"https:\/\/eshop.sesvanderhave.com\/dk\/#\/schema\/logo\/image\/","url":"https:\/\/eshop.sesvanderhave.com\/dk\/wp-content\/uploads\/sites\/5\/2020\/10\/SV_Logo_web.png","contentUrl":"https:\/\/eshop.sesvanderhave.com\/dk\/wp-content\/uploads\/sites\/5\/2020\/10\/SV_Logo_web.png","width":1920,"height":1080,"caption":"SESVanderHave"},"image":{"@id":"https:\/\/eshop.sesvanderhave.com\/dk\/#\/schema\/logo\/image\/"},"sameAs":["https:\/\/www.facebook.com\/SESVanderHave\/","https:\/\/x.com\/sesvanderhave","https:\/\/www.linkedin.com\/company\/sesvanderhave","https:\/\/www.youtube.com\/user\/SESVANDERHAVEonline"]}]}},"_links":{"self":[{"href":"https:\/\/eshop.sesvanderhave.com\/dk\/wp-json\/wp\/v2\/product\/635","targetHints":{"allow":["GET"]}}],"collection":[{"href":"https:\/\/eshop.sesvanderhave.com\/dk\/wp-json\/wp\/v2\/product"}],"about":[{"href":"https:\/\/eshop.sesvanderhave.com\/dk\/wp-json\/wp\/v2\/types\/product"}],"wp:featuredmedia":[{"embeddable":true,"href":"https:\/\/eshop.sesvanderhave.com\/dk\/wp-json\/wp\/v2\/media\/865"}],"wp:attachment":[{"href":"https:\/\/eshop.sesvanderhave.com\/dk\/wp-json\/wp\/v2\/media?parent=635"}],"wp:term":[{"taxonomy":"product_brand","embeddable":true,"href":"https:\/\/eshop.sesvanderhave.com\/dk\/wp-json\/wp\/v2\/product_brand?post=635"},{"taxonomy":"product_cat","embeddable":true,"href":"https:\/\/eshop.sesvanderhave.com\/dk\/wp-json\/wp\/v2\/product_cat?post=635"},{"taxonomy":"product_tag","embeddable":true,"href":"https:\/\/eshop.sesvanderhave.com\/dk\/wp-json\/wp\/v2\/product_tag?post=635"}],"curies":[{"name":"wp","href":"https:\/\/api.w.org\/{rel}","templated":true}]}}