{"id":947,"date":"2024-09-01T07:31:48","date_gmt":"2024-09-01T07:31:48","guid":{"rendered":"https:\/\/eshop.sesvanderhave.com\/cz\/?post_type=product&#038;p=947"},"modified":"2025-11-10T15:02:13","modified_gmt":"2025-11-10T15:02:13","slug":"primot-smart","status":"publish","type":"product","link":"https:\/\/eshop.sesvanderhave.com\/cz\/product\/primot-smart\/","title":{"rendered":"PRIMOT SMART"},"content":{"rendered":"<p><strong>Pozor: nejedn\u00e1 se o prodejn\u00ed objedn\u00e1vku, ale o rezervaci va\u0161eho osiva. N\u00e1sledn\u011b mus\u00edte prov\u00e9st svou objedn\u00e1vku osiva obvykl\u00fdm zp\u016fsobem p\u0159es v\u00e1\u0161 cukrovar<\/strong><\/p>\n<p>Cena uveden\u00e1 p\u0159i rezervaci osiva (a herbicidu) nen\u00ed z\u00e1vazn\u00e1. Tato cena slou\u017e\u00ed pouze jako referen\u010dn\u00ed. Cena herbicidu (76 EUR za litr; 1 litr = 1 hektar) se v p\u0159ehledu rezervac\u00ed nezobrazuje.<br \/>\nMo\u0159en\u00ed osiva bude prob\u00edhat v n\u00e1vaznosti na legislativu v dob\u011b v\u00fdroby osiva. Kone\u010dn\u00e1 cena se z tohoto d\u016fvodu m\u016f\u017ee p\u0159i fin\u00e1ln\u00ed objedn\u00e1vce v cukrovaru zm\u011bnit.<\/p>\n<p>SMART odr\u016fdy jsou ur\u010deny pro syst\u00e9m herbicidn\u00ed ochrany CONVISO\u00ae SMART. Ned\u00edlnou sou\u010d\u00e1st\u00ed objedn\u00e1vky je i herbicid CONVISO\u00ae ONE. P\u0159i rezervaci osiva pro syst\u00e9m herbicidn\u00ed ochrany CONVISO\u00ae SMART automaticky rezervujete tak\u00e9 odpov\u00eddaj\u00edc\u00ed mno\u017estv\u00ed herbicidu CONVISO\u00ae ONE.<\/p>\n","protected":false},"excerpt":{"rendered":"<p>NC -typ cukrov\u00e9 \u0159epy<\/p>\n<ul>\n<li>Vhodn\u00e1 pro st\u0159edn\u00ed a\u017e pozdn\u00ed sklize\u0148<\/li>\n<li>Vysok\u00e1 odolnost ke komplexu listov\u00fdch skvrnitost\u00ed<\/li>\n<li>Nadpr\u016fm\u011brn\u00fd v\u00fdnos cukru i p\u0159i v\u00fdskytu SBR<\/li>\n<li>Jednoduch\u00e1 stavba \u0159epn\u00e9 bulvy (hlavy) usnad\u0148uje spr\u00e1vn\u00fd se\u0159ez p\u0159i Micro-toppingu<\/li>\n<\/ul>\n<p>Doporu\u010den\u00fd term\u00edn sklizn\u011b: Vhodn\u00e1 pro st\u0159edn\u00ed a\u017e pozdn\u00ed sklize\u0148<\/p>\n","protected":false},"featured_media":1010,"template":"","meta":{"_acf_changed":false},"product_brand":[],"product_cat":[35],"product_tag":[],"class_list":{"0":"post-947","1":"product","2":"type-product","3":"status-publish","4":"has-post-thumbnail","6":"product_cat-odrudy-conviso-smart","8":"first","9":"instock","10":"shipping-taxable","11":"purchasable","12":"product-type-simple"},"acf":[],"yoast_head":"<!-- This site is optimized with the Yoast SEO plugin v26.3 - https:\/\/yoast.com\/wordpress\/plugins\/seo\/ -->\n<title>PRIMOT SMART | SESVanderHave rezerva\u010dn\u00edm formul\u00e1\u0159i \u010cesk\u00e1 Republika<\/title>\n<meta name=\"description\" content=\"Pod\u00edvejte se na na\u0161e odr\u016fdy cukrov\u00e9 \u0159epy pro syst\u00e9m herbicidn\u00ed ochrany CONVISO\u00ae SMART a jejich vlastnosti: PRIMOT SMART\" \/>\n<meta name=\"robots\" content=\"index, follow, max-snippet:-1, max-image-preview:large, max-video-preview:-1\" \/>\n<link rel=\"canonical\" href=\"https:\/\/eshop.sesvanderhave.com\/cz\/product\/primot-smart\/\" \/>\n<meta property=\"og:locale\" content=\"cs_CZ\" \/>\n<meta property=\"og:type\" content=\"article\" \/>\n<meta property=\"og:title\" content=\"PRIMOT SMART | SESVanderHave rezerva\u010dn\u00edm formul\u00e1\u0159i \u010cesk\u00e1 Republika\" \/>\n<meta property=\"og:description\" content=\"Pod\u00edvejte se na na\u0161e odr\u016fdy cukrov\u00e9 \u0159epy pro syst\u00e9m herbicidn\u00ed ochrany CONVISO\u00ae SMART a jejich vlastnosti: PRIMOT SMART\" \/>\n<meta property=\"og:url\" content=\"https:\/\/eshop.sesvanderhave.com\/cz\/product\/primot-smart\/\" \/>\n<meta property=\"og:site_name\" content=\"SESVanderHave rezerva\u010dn\u00edm formul\u00e1\u0159i \u010cesk\u00e1 Republika\" \/>\n<meta property=\"article:publisher\" content=\"https:\/\/www.facebook.com\/SESVanderHave\/\" \/>\n<meta property=\"article:modified_time\" content=\"2025-11-10T15:02:13+00:00\" \/>\n<meta property=\"og:image\" content=\"https:\/\/eshop.sesvanderhave.com\/cz\/wp-content\/uploads\/sites\/8\/2024\/09\/SESVanderHave_Ceska-republika_semeno-cukrove-repy_CONVISO-SMART_PRIMOT-SMART.png\" \/>\n\t<meta property=\"og:image:width\" content=\"350\" \/>\n\t<meta property=\"og:image:height\" content=\"400\" \/>\n\t<meta property=\"og:image:type\" content=\"image\/png\" \/>\n<meta name=\"twitter:card\" content=\"summary_large_image\" \/>\n<meta name=\"twitter:site\" content=\"@sesvanderhave\" \/>\n<meta name=\"twitter:label1\" content=\"Odhadovan\u00e1 doba \u010dten\u00ed\" \/>\n\t<meta name=\"twitter:data1\" content=\"1 minuta\" \/>\n<script type=\"application\/ld+json\" class=\"yoast-schema-graph\">{\"@context\":\"https:\/\/schema.org\",\"@graph\":[{\"@type\":\"WebPage\",\"@id\":\"https:\/\/eshop.sesvanderhave.com\/cz\/product\/primot-smart\/\",\"url\":\"https:\/\/eshop.sesvanderhave.com\/cz\/product\/primot-smart\/\",\"name\":\"PRIMOT SMART | SESVanderHave rezerva\u010dn\u00edm formul\u00e1\u0159i \u010cesk\u00e1 Republika\",\"isPartOf\":{\"@id\":\"https:\/\/eshop.sesvanderhave.com\/cz\/#website\"},\"primaryImageOfPage\":{\"@id\":\"https:\/\/eshop.sesvanderhave.com\/cz\/product\/primot-smart\/#primaryimage\"},\"image\":{\"@id\":\"https:\/\/eshop.sesvanderhave.com\/cz\/product\/primot-smart\/#primaryimage\"},\"thumbnailUrl\":\"https:\/\/eshop.sesvanderhave.com\/cz\/wp-content\/uploads\/sites\/8\/2024\/09\/SESVanderHave_Ceska-republika_semeno-cukrove-repy_CONVISO-SMART_PRIMOT-SMART.png\",\"datePublished\":\"2024-09-01T07:31:48+00:00\",\"dateModified\":\"2025-11-10T15:02:13+00:00\",\"description\":\"Pod\u00edvejte se na na\u0161e odr\u016fdy cukrov\u00e9 \u0159epy pro syst\u00e9m herbicidn\u00ed ochrany CONVISO\u00ae SMART a jejich vlastnosti: PRIMOT SMART\",\"breadcrumb\":{\"@id\":\"https:\/\/eshop.sesvanderhave.com\/cz\/product\/primot-smart\/#breadcrumb\"},\"inLanguage\":\"cs\",\"potentialAction\":[{\"@type\":\"ReadAction\",\"target\":[\"https:\/\/eshop.sesvanderhave.com\/cz\/product\/primot-smart\/\"]}]},{\"@type\":\"ImageObject\",\"inLanguage\":\"cs\",\"@id\":\"https:\/\/eshop.sesvanderhave.com\/cz\/product\/primot-smart\/#primaryimage\",\"url\":\"https:\/\/eshop.sesvanderhave.com\/cz\/wp-content\/uploads\/sites\/8\/2024\/09\/SESVanderHave_Ceska-republika_semeno-cukrove-repy_CONVISO-SMART_PRIMOT-SMART.png\",\"contentUrl\":\"https:\/\/eshop.sesvanderhave.com\/cz\/wp-content\/uploads\/sites\/8\/2024\/09\/SESVanderHave_Ceska-republika_semeno-cukrove-repy_CONVISO-SMART_PRIMOT-SMART.png\",\"width\":350,\"height\":400},{\"@type\":\"BreadcrumbList\",\"@id\":\"https:\/\/eshop.sesvanderhave.com\/cz\/product\/primot-smart\/#breadcrumb\",\"itemListElement\":[{\"@type\":\"ListItem\",\"position\":1,\"name\":\"Home\",\"item\":\"https:\/\/eshop.sesvanderhave.com\/cz\/\"},{\"@type\":\"ListItem\",\"position\":2,\"name\":\"SESVANDERHAVE REZERVA\u010cN\u00cdM FORMUL\u00c1\u0158I\",\"item\":\"https:\/\/eshop.sesvanderhave.com\/cz\/shop\/\"},{\"@type\":\"ListItem\",\"position\":3,\"name\":\"PRIMOT SMART\"}]},{\"@type\":\"WebSite\",\"@id\":\"https:\/\/eshop.sesvanderhave.com\/cz\/#website\",\"url\":\"https:\/\/eshop.sesvanderhave.com\/cz\/\",\"name\":\"SESVanderHave rezerva\u010dn\u00edm formul\u00e1\u0159i \u010cesk\u00e1 Republika\",\"description\":\"Zarezervujte si sv\u00e9 osivo SESVanderHave v na\u0161em rezerva\u010dn\u00edm formul\u00e1\u0159i!\",\"publisher\":{\"@id\":\"https:\/\/eshop.sesvanderhave.com\/cz\/#organization\"},\"potentialAction\":[{\"@type\":\"SearchAction\",\"target\":{\"@type\":\"EntryPoint\",\"urlTemplate\":\"https:\/\/eshop.sesvanderhave.com\/cz\/?s={search_term_string}\"},\"query-input\":{\"@type\":\"PropertyValueSpecification\",\"valueRequired\":true,\"valueName\":\"search_term_string\"}}],\"inLanguage\":\"cs\"},{\"@type\":\"Organization\",\"@id\":\"https:\/\/eshop.sesvanderhave.com\/cz\/#organization\",\"name\":\"SESVanderHave\",\"url\":\"https:\/\/eshop.sesvanderhave.com\/cz\/\",\"logo\":{\"@type\":\"ImageObject\",\"inLanguage\":\"cs\",\"@id\":\"https:\/\/eshop.sesvanderhave.com\/cz\/#\/schema\/logo\/image\/\",\"url\":\"https:\/\/eshop.sesvanderhave.com\/cz\/wp-content\/uploads\/sites\/8\/2020\/10\/SV_Logo_web.png\",\"contentUrl\":\"https:\/\/eshop.sesvanderhave.com\/cz\/wp-content\/uploads\/sites\/8\/2020\/10\/SV_Logo_web.png\",\"width\":1920,\"height\":1080,\"caption\":\"SESVanderHave\"},\"image\":{\"@id\":\"https:\/\/eshop.sesvanderhave.com\/cz\/#\/schema\/logo\/image\/\"},\"sameAs\":[\"https:\/\/www.facebook.com\/SESVanderHave\/\",\"https:\/\/x.com\/sesvanderhave\",\"https:\/\/www.linkedin.com\/company\/sesvanderhave\",\"https:\/\/www.youtube.com\/user\/SESVANDERHAVEonline\"]}]}<\/script>\n<!-- \/ Yoast SEO plugin. -->","yoast_head_json":{"title":"PRIMOT SMART | SESVanderHave rezerva\u010dn\u00edm formul\u00e1\u0159i \u010cesk\u00e1 Republika","description":"Pod\u00edvejte se na na\u0161e odr\u016fdy cukrov\u00e9 \u0159epy pro syst\u00e9m herbicidn\u00ed ochrany CONVISO\u00ae SMART a jejich vlastnosti: PRIMOT SMART","robots":{"index":"index","follow":"follow","max-snippet":"max-snippet:-1","max-image-preview":"max-image-preview:large","max-video-preview":"max-video-preview:-1"},"canonical":"https:\/\/eshop.sesvanderhave.com\/cz\/product\/primot-smart\/","og_locale":"cs_CZ","og_type":"article","og_title":"PRIMOT SMART | SESVanderHave rezerva\u010dn\u00edm formul\u00e1\u0159i \u010cesk\u00e1 Republika","og_description":"Pod\u00edvejte se na na\u0161e odr\u016fdy cukrov\u00e9 \u0159epy pro syst\u00e9m herbicidn\u00ed ochrany CONVISO\u00ae SMART a jejich vlastnosti: PRIMOT SMART","og_url":"https:\/\/eshop.sesvanderhave.com\/cz\/product\/primot-smart\/","og_site_name":"SESVanderHave rezerva\u010dn\u00edm formul\u00e1\u0159i \u010cesk\u00e1 Republika","article_publisher":"https:\/\/www.facebook.com\/SESVanderHave\/","article_modified_time":"2025-11-10T15:02:13+00:00","og_image":[{"width":350,"height":400,"url":"https:\/\/eshop.sesvanderhave.com\/cz\/wp-content\/uploads\/sites\/8\/2024\/09\/SESVanderHave_Ceska-republika_semeno-cukrove-repy_CONVISO-SMART_PRIMOT-SMART.png","type":"image\/png"}],"twitter_card":"summary_large_image","twitter_site":"@sesvanderhave","twitter_misc":{"Odhadovan\u00e1 doba \u010dten\u00ed":"1 minuta"},"schema":{"@context":"https:\/\/schema.org","@graph":[{"@type":"WebPage","@id":"https:\/\/eshop.sesvanderhave.com\/cz\/product\/primot-smart\/","url":"https:\/\/eshop.sesvanderhave.com\/cz\/product\/primot-smart\/","name":"PRIMOT SMART | SESVanderHave rezerva\u010dn\u00edm formul\u00e1\u0159i \u010cesk\u00e1 Republika","isPartOf":{"@id":"https:\/\/eshop.sesvanderhave.com\/cz\/#website"},"primaryImageOfPage":{"@id":"https:\/\/eshop.sesvanderhave.com\/cz\/product\/primot-smart\/#primaryimage"},"image":{"@id":"https:\/\/eshop.sesvanderhave.com\/cz\/product\/primot-smart\/#primaryimage"},"thumbnailUrl":"https:\/\/eshop.sesvanderhave.com\/cz\/wp-content\/uploads\/sites\/8\/2024\/09\/SESVanderHave_Ceska-republika_semeno-cukrove-repy_CONVISO-SMART_PRIMOT-SMART.png","datePublished":"2024-09-01T07:31:48+00:00","dateModified":"2025-11-10T15:02:13+00:00","description":"Pod\u00edvejte se na na\u0161e odr\u016fdy cukrov\u00e9 \u0159epy pro syst\u00e9m herbicidn\u00ed ochrany CONVISO\u00ae SMART a jejich vlastnosti: PRIMOT SMART","breadcrumb":{"@id":"https:\/\/eshop.sesvanderhave.com\/cz\/product\/primot-smart\/#breadcrumb"},"inLanguage":"cs","potentialAction":[{"@type":"ReadAction","target":["https:\/\/eshop.sesvanderhave.com\/cz\/product\/primot-smart\/"]}]},{"@type":"ImageObject","inLanguage":"cs","@id":"https:\/\/eshop.sesvanderhave.com\/cz\/product\/primot-smart\/#primaryimage","url":"https:\/\/eshop.sesvanderhave.com\/cz\/wp-content\/uploads\/sites\/8\/2024\/09\/SESVanderHave_Ceska-republika_semeno-cukrove-repy_CONVISO-SMART_PRIMOT-SMART.png","contentUrl":"https:\/\/eshop.sesvanderhave.com\/cz\/wp-content\/uploads\/sites\/8\/2024\/09\/SESVanderHave_Ceska-republika_semeno-cukrove-repy_CONVISO-SMART_PRIMOT-SMART.png","width":350,"height":400},{"@type":"BreadcrumbList","@id":"https:\/\/eshop.sesvanderhave.com\/cz\/product\/primot-smart\/#breadcrumb","itemListElement":[{"@type":"ListItem","position":1,"name":"Home","item":"https:\/\/eshop.sesvanderhave.com\/cz\/"},{"@type":"ListItem","position":2,"name":"SESVANDERHAVE REZERVA\u010cN\u00cdM FORMUL\u00c1\u0158I","item":"https:\/\/eshop.sesvanderhave.com\/cz\/shop\/"},{"@type":"ListItem","position":3,"name":"PRIMOT SMART"}]},{"@type":"WebSite","@id":"https:\/\/eshop.sesvanderhave.com\/cz\/#website","url":"https:\/\/eshop.sesvanderhave.com\/cz\/","name":"SESVanderHave rezerva\u010dn\u00edm formul\u00e1\u0159i \u010cesk\u00e1 Republika","description":"Zarezervujte si sv\u00e9 osivo SESVanderHave v na\u0161em rezerva\u010dn\u00edm formul\u00e1\u0159i!","publisher":{"@id":"https:\/\/eshop.sesvanderhave.com\/cz\/#organization"},"potentialAction":[{"@type":"SearchAction","target":{"@type":"EntryPoint","urlTemplate":"https:\/\/eshop.sesvanderhave.com\/cz\/?s={search_term_string}"},"query-input":{"@type":"PropertyValueSpecification","valueRequired":true,"valueName":"search_term_string"}}],"inLanguage":"cs"},{"@type":"Organization","@id":"https:\/\/eshop.sesvanderhave.com\/cz\/#organization","name":"SESVanderHave","url":"https:\/\/eshop.sesvanderhave.com\/cz\/","logo":{"@type":"ImageObject","inLanguage":"cs","@id":"https:\/\/eshop.sesvanderhave.com\/cz\/#\/schema\/logo\/image\/","url":"https:\/\/eshop.sesvanderhave.com\/cz\/wp-content\/uploads\/sites\/8\/2020\/10\/SV_Logo_web.png","contentUrl":"https:\/\/eshop.sesvanderhave.com\/cz\/wp-content\/uploads\/sites\/8\/2020\/10\/SV_Logo_web.png","width":1920,"height":1080,"caption":"SESVanderHave"},"image":{"@id":"https:\/\/eshop.sesvanderhave.com\/cz\/#\/schema\/logo\/image\/"},"sameAs":["https:\/\/www.facebook.com\/SESVanderHave\/","https:\/\/x.com\/sesvanderhave","https:\/\/www.linkedin.com\/company\/sesvanderhave","https:\/\/www.youtube.com\/user\/SESVANDERHAVEonline"]}]}},"_links":{"self":[{"href":"https:\/\/eshop.sesvanderhave.com\/cz\/wp-json\/wp\/v2\/product\/947","targetHints":{"allow":["GET"]}}],"collection":[{"href":"https:\/\/eshop.sesvanderhave.com\/cz\/wp-json\/wp\/v2\/product"}],"about":[{"href":"https:\/\/eshop.sesvanderhave.com\/cz\/wp-json\/wp\/v2\/types\/product"}],"wp:featuredmedia":[{"embeddable":true,"href":"https:\/\/eshop.sesvanderhave.com\/cz\/wp-json\/wp\/v2\/media\/1010"}],"wp:attachment":[{"href":"https:\/\/eshop.sesvanderhave.com\/cz\/wp-json\/wp\/v2\/media?parent=947"}],"wp:term":[{"taxonomy":"product_brand","embeddable":true,"href":"https:\/\/eshop.sesvanderhave.com\/cz\/wp-json\/wp\/v2\/product_brand?post=947"},{"taxonomy":"product_cat","embeddable":true,"href":"https:\/\/eshop.sesvanderhave.com\/cz\/wp-json\/wp\/v2\/product_cat?post=947"},{"taxonomy":"product_tag","embeddable":true,"href":"https:\/\/eshop.sesvanderhave.com\/cz\/wp-json\/wp\/v2\/product_tag?post=947"}],"curies":[{"name":"wp","href":"https:\/\/api.w.org\/{rel}","templated":true}]}}