{"id":8,"date":"2020-09-23T09:40:11","date_gmt":"2020-09-23T09:40:11","guid":{"rendered":"https:\/\/eshop.sesvanderhave.com\/cz\/basket\/"},"modified":"2024-10-15T07:17:31","modified_gmt":"2024-10-15T07:17:31","slug":"nakupni-kosik","status":"publish","type":"page","link":"https:\/\/eshop.sesvanderhave.com\/cz\/nakupni-kosik\/","title":{"rendered":"N\u00c1KUPN\u00cd KO\u0160\u00cdK"},"content":{"rendered":"\n","protected":false},"excerpt":{"rendered":"","protected":false},"author":64,"featured_media":0,"parent":0,"menu_order":0,"comment_status":"closed","ping_status":"closed","template":"template-cart.php","meta":{"_acf_changed":false,"footnotes":""},"class_list":["post-8","page","type-page","status-publish","hentry"],"acf":[],"yoast_head":"<!-- This site is optimized with the Yoast SEO plugin v26.3 - https:\/\/yoast.com\/wordpress\/plugins\/seo\/ -->\n<title>N\u00c1KUPN\u00cd KO\u0160\u00cdK | SESVanderHave rezerva\u010dn\u00edm formul\u00e1\u0159i \u010cesk\u00e1 Republika<\/title>\n<meta name=\"description\" content=\"Od osiva po cukrovou \u0159epu, od na\u0161ich pol\u00ed k va\u0161im pol\u00edm. Najd\u011bte ty nejlep\u0161\u00ed odr\u016fdy pro sv\u00e1 pole s cukrovou \u0159epou od SESVanderHave!\" \/>\n<meta name=\"robots\" content=\"noindex, follow\" \/>\n<meta property=\"og:locale\" content=\"cs_CZ\" \/>\n<meta property=\"og:type\" content=\"article\" \/>\n<meta property=\"og:title\" content=\"N\u00c1KUPN\u00cd KO\u0160\u00cdK | SESVanderHave rezerva\u010dn\u00edm formul\u00e1\u0159i \u010cesk\u00e1 Republika\" \/>\n<meta property=\"og:description\" content=\"Bes\u00f8g vores SESVanderHave e-shop! Fra fr\u00f8 til roer, fra vore marker til dine marker. Bestil de bedste sorter af sukkerroefr\u00f8 direkte i vores e-shop!\" \/>\n<meta property=\"og:url\" content=\"https:\/\/eshop.sesvanderhave.com\/cz\/nakupni-kosik\/\" \/>\n<meta property=\"og:site_name\" content=\"SESVanderHave rezerva\u010dn\u00edm formul\u00e1\u0159i \u010cesk\u00e1 Republika\" \/>\n<meta property=\"article:publisher\" content=\"https:\/\/www.facebook.com\/SESVanderHave\/\" \/>\n<meta property=\"article:modified_time\" content=\"2024-10-15T07:17:31+00:00\" \/>\n<meta property=\"og:image\" content=\"https:\/\/eshop.sesvanderhave.com\/cz\/wp-content\/uploads\/sites\/8\/2020\/10\/Mailing-Header.jpg\" \/>\n\t<meta property=\"og:image:width\" content=\"600\" \/>\n\t<meta property=\"og:image:height\" content=\"350\" \/>\n\t<meta property=\"og:image:type\" content=\"image\/jpeg\" \/>\n<meta name=\"twitter:card\" content=\"summary_large_image\" \/>\n<meta name=\"twitter:title\" content=\"N\u00c1KUPN\u00cd KO\u0160\u00cdK | SESVanderHave rezerva\u010dn\u00edm formul\u00e1\u0159i \u010cesk\u00e1 Republika\" \/>\n<meta name=\"twitter:description\" content=\"Bes\u00f8g vores SESVanderHave e-shop! Fra fr\u00f8 til roer, fra vore marker til dine marker. Bestil de bedste sorter af sukkerroefr\u00f8 direkte i vores e-shop!\" \/>\n<meta name=\"twitter:site\" content=\"@sesvanderhave\" \/>\n<script type=\"application\/ld+json\" class=\"yoast-schema-graph\">{\"@context\":\"https:\/\/schema.org\",\"@graph\":[{\"@type\":\"WebPage\",\"@id\":\"https:\/\/eshop.sesvanderhave.com\/cz\/nakupni-kosik\/\",\"url\":\"https:\/\/eshop.sesvanderhave.com\/cz\/nakupni-kosik\/\",\"name\":\"N\u00c1KUPN\u00cd KO\u0160\u00cdK | SESVanderHave rezerva\u010dn\u00edm formul\u00e1\u0159i \u010cesk\u00e1 Republika\",\"isPartOf\":{\"@id\":\"https:\/\/eshop.sesvanderhave.com\/cz\/#website\"},\"datePublished\":\"2020-09-23T09:40:11+00:00\",\"dateModified\":\"2024-10-15T07:17:31+00:00\",\"description\":\"Od osiva po cukrovou \u0159epu, od na\u0161ich pol\u00ed k va\u0161im pol\u00edm. Najd\u011bte ty nejlep\u0161\u00ed odr\u016fdy pro sv\u00e1 pole s cukrovou \u0159epou od SESVanderHave!\",\"breadcrumb\":{\"@id\":\"https:\/\/eshop.sesvanderhave.com\/cz\/nakupni-kosik\/#breadcrumb\"},\"inLanguage\":\"cs\",\"potentialAction\":[{\"@type\":\"ReadAction\",\"target\":[\"https:\/\/eshop.sesvanderhave.com\/cz\/nakupni-kosik\/\"]}]},{\"@type\":\"BreadcrumbList\",\"@id\":\"https:\/\/eshop.sesvanderhave.com\/cz\/nakupni-kosik\/#breadcrumb\",\"itemListElement\":[{\"@type\":\"ListItem\",\"position\":1,\"name\":\"Home\",\"item\":\"https:\/\/eshop.sesvanderhave.com\/cz\/\"},{\"@type\":\"ListItem\",\"position\":2,\"name\":\"N\u00c1KUPN\u00cd KO\u0160\u00cdK\"}]},{\"@type\":\"WebSite\",\"@id\":\"https:\/\/eshop.sesvanderhave.com\/cz\/#website\",\"url\":\"https:\/\/eshop.sesvanderhave.com\/cz\/\",\"name\":\"SESVanderHave rezerva\u010dn\u00edm formul\u00e1\u0159i \u010cesk\u00e1 Republika\",\"description\":\"Zarezervujte si sv\u00e9 osivo SESVanderHave v na\u0161em rezerva\u010dn\u00edm formul\u00e1\u0159i!\",\"publisher\":{\"@id\":\"https:\/\/eshop.sesvanderhave.com\/cz\/#organization\"},\"potentialAction\":[{\"@type\":\"SearchAction\",\"target\":{\"@type\":\"EntryPoint\",\"urlTemplate\":\"https:\/\/eshop.sesvanderhave.com\/cz\/?s={search_term_string}\"},\"query-input\":{\"@type\":\"PropertyValueSpecification\",\"valueRequired\":true,\"valueName\":\"search_term_string\"}}],\"inLanguage\":\"cs\"},{\"@type\":\"Organization\",\"@id\":\"https:\/\/eshop.sesvanderhave.com\/cz\/#organization\",\"name\":\"SESVanderHave\",\"url\":\"https:\/\/eshop.sesvanderhave.com\/cz\/\",\"logo\":{\"@type\":\"ImageObject\",\"inLanguage\":\"cs\",\"@id\":\"https:\/\/eshop.sesvanderhave.com\/cz\/#\/schema\/logo\/image\/\",\"url\":\"https:\/\/eshop.sesvanderhave.com\/cz\/wp-content\/uploads\/sites\/8\/2020\/10\/SV_Logo_web.png\",\"contentUrl\":\"https:\/\/eshop.sesvanderhave.com\/cz\/wp-content\/uploads\/sites\/8\/2020\/10\/SV_Logo_web.png\",\"width\":1920,\"height\":1080,\"caption\":\"SESVanderHave\"},\"image\":{\"@id\":\"https:\/\/eshop.sesvanderhave.com\/cz\/#\/schema\/logo\/image\/\"},\"sameAs\":[\"https:\/\/www.facebook.com\/SESVanderHave\/\",\"https:\/\/x.com\/sesvanderhave\",\"https:\/\/www.linkedin.com\/company\/sesvanderhave\",\"https:\/\/www.youtube.com\/user\/SESVANDERHAVEonline\"]}]}<\/script>\n<!-- \/ Yoast SEO plugin. -->","yoast_head_json":{"title":"N\u00c1KUPN\u00cd KO\u0160\u00cdK | SESVanderHave rezerva\u010dn\u00edm formul\u00e1\u0159i \u010cesk\u00e1 Republika","description":"Od osiva po cukrovou \u0159epu, od na\u0161ich pol\u00ed k va\u0161im pol\u00edm. Najd\u011bte ty nejlep\u0161\u00ed odr\u016fdy pro sv\u00e1 pole s cukrovou \u0159epou od SESVanderHave!","robots":{"index":"noindex","follow":"follow"},"og_locale":"cs_CZ","og_type":"article","og_title":"N\u00c1KUPN\u00cd KO\u0160\u00cdK | SESVanderHave rezerva\u010dn\u00edm formul\u00e1\u0159i \u010cesk\u00e1 Republika","og_description":"Bes\u00f8g vores SESVanderHave e-shop! Fra fr\u00f8 til roer, fra vore marker til dine marker. Bestil de bedste sorter af sukkerroefr\u00f8 direkte i vores e-shop!","og_url":"https:\/\/eshop.sesvanderhave.com\/cz\/nakupni-kosik\/","og_site_name":"SESVanderHave rezerva\u010dn\u00edm formul\u00e1\u0159i \u010cesk\u00e1 Republika","article_publisher":"https:\/\/www.facebook.com\/SESVanderHave\/","article_modified_time":"2024-10-15T07:17:31+00:00","og_image":[{"width":600,"height":350,"url":"https:\/\/eshop.sesvanderhave.com\/cz\/wp-content\/uploads\/sites\/8\/2020\/10\/Mailing-Header.jpg","type":"image\/jpeg"}],"twitter_card":"summary_large_image","twitter_title":"N\u00c1KUPN\u00cd KO\u0160\u00cdK | SESVanderHave rezerva\u010dn\u00edm formul\u00e1\u0159i \u010cesk\u00e1 Republika","twitter_description":"Bes\u00f8g vores SESVanderHave e-shop! Fra fr\u00f8 til roer, fra vore marker til dine marker. Bestil de bedste sorter af sukkerroefr\u00f8 direkte i vores e-shop!","twitter_site":"@sesvanderhave","schema":{"@context":"https:\/\/schema.org","@graph":[{"@type":"WebPage","@id":"https:\/\/eshop.sesvanderhave.com\/cz\/nakupni-kosik\/","url":"https:\/\/eshop.sesvanderhave.com\/cz\/nakupni-kosik\/","name":"N\u00c1KUPN\u00cd KO\u0160\u00cdK | SESVanderHave rezerva\u010dn\u00edm formul\u00e1\u0159i \u010cesk\u00e1 Republika","isPartOf":{"@id":"https:\/\/eshop.sesvanderhave.com\/cz\/#website"},"datePublished":"2020-09-23T09:40:11+00:00","dateModified":"2024-10-15T07:17:31+00:00","description":"Od osiva po cukrovou \u0159epu, od na\u0161ich pol\u00ed k va\u0161im pol\u00edm. Najd\u011bte ty nejlep\u0161\u00ed odr\u016fdy pro sv\u00e1 pole s cukrovou \u0159epou od SESVanderHave!","breadcrumb":{"@id":"https:\/\/eshop.sesvanderhave.com\/cz\/nakupni-kosik\/#breadcrumb"},"inLanguage":"cs","potentialAction":[{"@type":"ReadAction","target":["https:\/\/eshop.sesvanderhave.com\/cz\/nakupni-kosik\/"]}]},{"@type":"BreadcrumbList","@id":"https:\/\/eshop.sesvanderhave.com\/cz\/nakupni-kosik\/#breadcrumb","itemListElement":[{"@type":"ListItem","position":1,"name":"Home","item":"https:\/\/eshop.sesvanderhave.com\/cz\/"},{"@type":"ListItem","position":2,"name":"N\u00c1KUPN\u00cd KO\u0160\u00cdK"}]},{"@type":"WebSite","@id":"https:\/\/eshop.sesvanderhave.com\/cz\/#website","url":"https:\/\/eshop.sesvanderhave.com\/cz\/","name":"SESVanderHave rezerva\u010dn\u00edm formul\u00e1\u0159i \u010cesk\u00e1 Republika","description":"Zarezervujte si sv\u00e9 osivo SESVanderHave v na\u0161em rezerva\u010dn\u00edm formul\u00e1\u0159i!","publisher":{"@id":"https:\/\/eshop.sesvanderhave.com\/cz\/#organization"},"potentialAction":[{"@type":"SearchAction","target":{"@type":"EntryPoint","urlTemplate":"https:\/\/eshop.sesvanderhave.com\/cz\/?s={search_term_string}"},"query-input":{"@type":"PropertyValueSpecification","valueRequired":true,"valueName":"search_term_string"}}],"inLanguage":"cs"},{"@type":"Organization","@id":"https:\/\/eshop.sesvanderhave.com\/cz\/#organization","name":"SESVanderHave","url":"https:\/\/eshop.sesvanderhave.com\/cz\/","logo":{"@type":"ImageObject","inLanguage":"cs","@id":"https:\/\/eshop.sesvanderhave.com\/cz\/#\/schema\/logo\/image\/","url":"https:\/\/eshop.sesvanderhave.com\/cz\/wp-content\/uploads\/sites\/8\/2020\/10\/SV_Logo_web.png","contentUrl":"https:\/\/eshop.sesvanderhave.com\/cz\/wp-content\/uploads\/sites\/8\/2020\/10\/SV_Logo_web.png","width":1920,"height":1080,"caption":"SESVanderHave"},"image":{"@id":"https:\/\/eshop.sesvanderhave.com\/cz\/#\/schema\/logo\/image\/"},"sameAs":["https:\/\/www.facebook.com\/SESVanderHave\/","https:\/\/x.com\/sesvanderhave","https:\/\/www.linkedin.com\/company\/sesvanderhave","https:\/\/www.youtube.com\/user\/SESVANDERHAVEonline"]}]}},"_links":{"self":[{"href":"https:\/\/eshop.sesvanderhave.com\/cz\/wp-json\/wp\/v2\/pages\/8","targetHints":{"allow":["GET"]}}],"collection":[{"href":"https:\/\/eshop.sesvanderhave.com\/cz\/wp-json\/wp\/v2\/pages"}],"about":[{"href":"https:\/\/eshop.sesvanderhave.com\/cz\/wp-json\/wp\/v2\/types\/page"}],"author":[{"embeddable":true,"href":"https:\/\/eshop.sesvanderhave.com\/cz\/wp-json\/wp\/v2\/users\/64"}],"replies":[{"embeddable":true,"href":"https:\/\/eshop.sesvanderhave.com\/cz\/wp-json\/wp\/v2\/comments?post=8"}],"version-history":[{"count":14,"href":"https:\/\/eshop.sesvanderhave.com\/cz\/wp-json\/wp\/v2\/pages\/8\/revisions"}],"predecessor-version":[{"id":607,"href":"https:\/\/eshop.sesvanderhave.com\/cz\/wp-json\/wp\/v2\/pages\/8\/revisions\/607"}],"wp:attachment":[{"href":"https:\/\/eshop.sesvanderhave.com\/cz\/wp-json\/wp\/v2\/media?parent=8"}],"curies":[{"name":"wp","href":"https:\/\/api.w.org\/{rel}","templated":true}]}}