{"id":59,"date":"2020-09-28T17:07:43","date_gmt":"2020-09-28T17:07:43","guid":{"rendered":"https:\/\/eshop.sesvanderhave.com\/cz\/?page_id=59"},"modified":"2022-10-10T12:02:02","modified_gmt":"2022-10-10T12:02:02","slug":"faq","status":"publish","type":"page","link":"https:\/\/eshop.sesvanderhave.com\/cz\/faq\/","title":{"rendered":"FAQ (\u010dasto kladen\u00e9 ot\u00e1zky)"},"content":{"rendered":"<p>&nbsp;<\/p>\n<p>&nbsp;<\/p>\n","protected":false},"excerpt":{"rendered":"<p>&nbsp; &nbsp;<\/p>\n","protected":false},"author":64,"featured_media":0,"parent":0,"menu_order":0,"comment_status":"closed","ping_status":"closed","template":"template-faq.php","meta":{"_acf_changed":false,"footnotes":""},"class_list":["post-59","page","type-page","status-publish","hentry"],"acf":[],"yoast_head":"<!-- This site is optimized with the Yoast SEO plugin v26.3 - https:\/\/yoast.com\/wordpress\/plugins\/seo\/ -->\n<title>FAQ (\u010dasto kladen\u00e9 ot\u00e1zky) | SESVanderHave rezerva\u010dn\u00edm formul\u00e1\u0159i \u010cesk\u00e1 Republika<\/title>\n<meta name=\"description\" content=\"Zde naleznete odpov\u011bdi na \u010dasto kladen\u00e9 ot\u00e1zky t\u00fdkaj\u00edc\u00ed se online rezervace va\u0161eho osiva cukrov\u00e9 \u0159epy prost\u0159ednictv\u00edm na\u0161eho webov\u00e9ho rezerva\u010dn\u00edho formul\u00e1\u0159e.\" \/>\n<meta name=\"robots\" content=\"index, follow, max-snippet:-1, max-image-preview:large, max-video-preview:-1\" \/>\n<link rel=\"canonical\" href=\"https:\/\/eshop.sesvanderhave.com\/cz\/faq\/\" \/>\n<meta property=\"og:locale\" content=\"cs_CZ\" \/>\n<meta property=\"og:type\" content=\"article\" \/>\n<meta property=\"og:title\" content=\"FAQ (\u010dasto kladen\u00e9 ot\u00e1zky) | SESVanderHave rezerva\u010dn\u00edm formul\u00e1\u0159i \u010cesk\u00e1 Republika\" \/>\n<meta property=\"og:description\" content=\"Her finder du svar p\u00e5 de ofte stillede sp\u00f8rgsm\u00e5l. Hvis du ikke finder svar p\u00e5 dine sp\u00f8rgsm\u00e5l - venligst kontakt vores lokale salgskontor. De vil besvare dine sp\u00f8rgsm\u00e5l. Bestil de bedste sorter af sukkerroefr\u00f8 direkte i vores e-shop!\" \/>\n<meta property=\"og:url\" content=\"https:\/\/eshop.sesvanderhave.com\/cz\/faq\/\" \/>\n<meta property=\"og:site_name\" content=\"SESVanderHave rezerva\u010dn\u00edm formul\u00e1\u0159i \u010cesk\u00e1 Republika\" \/>\n<meta property=\"article:publisher\" content=\"https:\/\/www.facebook.com\/SESVanderHave\/\" \/>\n<meta property=\"article:modified_time\" content=\"2022-10-10T12:02:02+00:00\" \/>\n<meta property=\"og:image\" content=\"https:\/\/eshop.sesvanderhave.com\/cz\/wp-content\/uploads\/sites\/8\/2020\/10\/Mailing-Header.jpg\" \/>\n\t<meta property=\"og:image:width\" content=\"600\" \/>\n\t<meta property=\"og:image:height\" content=\"350\" \/>\n\t<meta property=\"og:image:type\" content=\"image\/jpeg\" \/>\n<meta name=\"twitter:card\" content=\"summary_large_image\" \/>\n<meta name=\"twitter:title\" content=\"FAQ (\u010dasto kladen\u00e9 ot\u00e1zky) | SESVanderHave rezerva\u010dn\u00edm formul\u00e1\u0159i \u010cesk\u00e1 Republika\" \/>\n<meta name=\"twitter:description\" content=\"Her finder du svar p\u00e5 de ofte stillede sp\u00f8rgsm\u00e5l. Hvis du ikke finder svar p\u00e5 dine sp\u00f8rgsm\u00e5l - venligst kontakt vores lokale salgskontor. De vil besvare dine sp\u00f8rgsm\u00e5l. Bestil de bedste sorter af sukkerroefr\u00f8 direkte i vores e-shop!\" \/>\n<meta name=\"twitter:site\" content=\"@sesvanderhave\" \/>\n<script type=\"application\/ld+json\" class=\"yoast-schema-graph\">{\"@context\":\"https:\/\/schema.org\",\"@graph\":[{\"@type\":[\"WebPage\",\"FAQPage\"],\"@id\":\"https:\/\/eshop.sesvanderhave.com\/cz\/faq\/\",\"url\":\"https:\/\/eshop.sesvanderhave.com\/cz\/faq\/\",\"name\":\"FAQ (\u010dasto kladen\u00e9 ot\u00e1zky) | SESVanderHave rezerva\u010dn\u00edm formul\u00e1\u0159i \u010cesk\u00e1 Republika\",\"isPartOf\":{\"@id\":\"https:\/\/eshop.sesvanderhave.com\/cz\/#website\"},\"datePublished\":\"2020-09-28T17:07:43+00:00\",\"dateModified\":\"2022-10-10T12:02:02+00:00\",\"description\":\"Zde naleznete odpov\u011bdi na \u010dasto kladen\u00e9 ot\u00e1zky t\u00fdkaj\u00edc\u00ed se online rezervace va\u0161eho osiva cukrov\u00e9 \u0159epy prost\u0159ednictv\u00edm na\u0161eho webov\u00e9ho rezerva\u010dn\u00edho formul\u00e1\u0159e.\",\"breadcrumb\":{\"@id\":\"https:\/\/eshop.sesvanderhave.com\/cz\/faq\/#breadcrumb\"},\"inLanguage\":\"cs\",\"potentialAction\":[{\"@type\":\"ReadAction\",\"target\":[\"https:\/\/eshop.sesvanderhave.com\/cz\/faq\/\"]}]},{\"@type\":\"BreadcrumbList\",\"@id\":\"https:\/\/eshop.sesvanderhave.com\/cz\/faq\/#breadcrumb\",\"itemListElement\":[{\"@type\":\"ListItem\",\"position\":1,\"name\":\"Home\",\"item\":\"https:\/\/eshop.sesvanderhave.com\/cz\/\"},{\"@type\":\"ListItem\",\"position\":2,\"name\":\"FAQ (\u010dasto kladen\u00e9 ot\u00e1zky)\"}]},{\"@type\":\"WebSite\",\"@id\":\"https:\/\/eshop.sesvanderhave.com\/cz\/#website\",\"url\":\"https:\/\/eshop.sesvanderhave.com\/cz\/\",\"name\":\"SESVanderHave rezerva\u010dn\u00edm formul\u00e1\u0159i \u010cesk\u00e1 Republika\",\"description\":\"Zarezervujte si sv\u00e9 osivo SESVanderHave v na\u0161em rezerva\u010dn\u00edm formul\u00e1\u0159i!\",\"publisher\":{\"@id\":\"https:\/\/eshop.sesvanderhave.com\/cz\/#organization\"},\"potentialAction\":[{\"@type\":\"SearchAction\",\"target\":{\"@type\":\"EntryPoint\",\"urlTemplate\":\"https:\/\/eshop.sesvanderhave.com\/cz\/?s={search_term_string}\"},\"query-input\":{\"@type\":\"PropertyValueSpecification\",\"valueRequired\":true,\"valueName\":\"search_term_string\"}}],\"inLanguage\":\"cs\"},{\"@type\":\"Organization\",\"@id\":\"https:\/\/eshop.sesvanderhave.com\/cz\/#organization\",\"name\":\"SESVanderHave\",\"url\":\"https:\/\/eshop.sesvanderhave.com\/cz\/\",\"logo\":{\"@type\":\"ImageObject\",\"inLanguage\":\"cs\",\"@id\":\"https:\/\/eshop.sesvanderhave.com\/cz\/#\/schema\/logo\/image\/\",\"url\":\"https:\/\/eshop.sesvanderhave.com\/cz\/wp-content\/uploads\/sites\/8\/2020\/10\/SV_Logo_web.png\",\"contentUrl\":\"https:\/\/eshop.sesvanderhave.com\/cz\/wp-content\/uploads\/sites\/8\/2020\/10\/SV_Logo_web.png\",\"width\":1920,\"height\":1080,\"caption\":\"SESVanderHave\"},\"image\":{\"@id\":\"https:\/\/eshop.sesvanderhave.com\/cz\/#\/schema\/logo\/image\/\"},\"sameAs\":[\"https:\/\/www.facebook.com\/SESVanderHave\/\",\"https:\/\/x.com\/sesvanderhave\",\"https:\/\/www.linkedin.com\/company\/sesvanderhave\",\"https:\/\/www.youtube.com\/user\/SESVANDERHAVEonline\"]}]}<\/script>\n<!-- \/ Yoast SEO plugin. -->","yoast_head_json":{"title":"FAQ (\u010dasto kladen\u00e9 ot\u00e1zky) | SESVanderHave rezerva\u010dn\u00edm formul\u00e1\u0159i \u010cesk\u00e1 Republika","description":"Zde naleznete odpov\u011bdi na \u010dasto kladen\u00e9 ot\u00e1zky t\u00fdkaj\u00edc\u00ed se online rezervace va\u0161eho osiva cukrov\u00e9 \u0159epy prost\u0159ednictv\u00edm na\u0161eho webov\u00e9ho rezerva\u010dn\u00edho formul\u00e1\u0159e.","robots":{"index":"index","follow":"follow","max-snippet":"max-snippet:-1","max-image-preview":"max-image-preview:large","max-video-preview":"max-video-preview:-1"},"canonical":"https:\/\/eshop.sesvanderhave.com\/cz\/faq\/","og_locale":"cs_CZ","og_type":"article","og_title":"FAQ (\u010dasto kladen\u00e9 ot\u00e1zky) | SESVanderHave rezerva\u010dn\u00edm formul\u00e1\u0159i \u010cesk\u00e1 Republika","og_description":"Her finder du svar p\u00e5 de ofte stillede sp\u00f8rgsm\u00e5l. Hvis du ikke finder svar p\u00e5 dine sp\u00f8rgsm\u00e5l - venligst kontakt vores lokale salgskontor. De vil besvare dine sp\u00f8rgsm\u00e5l. Bestil de bedste sorter af sukkerroefr\u00f8 direkte i vores e-shop!","og_url":"https:\/\/eshop.sesvanderhave.com\/cz\/faq\/","og_site_name":"SESVanderHave rezerva\u010dn\u00edm formul\u00e1\u0159i \u010cesk\u00e1 Republika","article_publisher":"https:\/\/www.facebook.com\/SESVanderHave\/","article_modified_time":"2022-10-10T12:02:02+00:00","og_image":[{"width":600,"height":350,"url":"https:\/\/eshop.sesvanderhave.com\/cz\/wp-content\/uploads\/sites\/8\/2020\/10\/Mailing-Header.jpg","type":"image\/jpeg"}],"twitter_card":"summary_large_image","twitter_title":"FAQ (\u010dasto kladen\u00e9 ot\u00e1zky) | SESVanderHave rezerva\u010dn\u00edm formul\u00e1\u0159i \u010cesk\u00e1 Republika","twitter_description":"Her finder du svar p\u00e5 de ofte stillede sp\u00f8rgsm\u00e5l. Hvis du ikke finder svar p\u00e5 dine sp\u00f8rgsm\u00e5l - venligst kontakt vores lokale salgskontor. De vil besvare dine sp\u00f8rgsm\u00e5l. Bestil de bedste sorter af sukkerroefr\u00f8 direkte i vores e-shop!","twitter_site":"@sesvanderhave","schema":{"@context":"https:\/\/schema.org","@graph":[{"@type":["WebPage","FAQPage"],"@id":"https:\/\/eshop.sesvanderhave.com\/cz\/faq\/","url":"https:\/\/eshop.sesvanderhave.com\/cz\/faq\/","name":"FAQ (\u010dasto kladen\u00e9 ot\u00e1zky) | SESVanderHave rezerva\u010dn\u00edm formul\u00e1\u0159i \u010cesk\u00e1 Republika","isPartOf":{"@id":"https:\/\/eshop.sesvanderhave.com\/cz\/#website"},"datePublished":"2020-09-28T17:07:43+00:00","dateModified":"2022-10-10T12:02:02+00:00","description":"Zde naleznete odpov\u011bdi na \u010dasto kladen\u00e9 ot\u00e1zky t\u00fdkaj\u00edc\u00ed se online rezervace va\u0161eho osiva cukrov\u00e9 \u0159epy prost\u0159ednictv\u00edm na\u0161eho webov\u00e9ho rezerva\u010dn\u00edho formul\u00e1\u0159e.","breadcrumb":{"@id":"https:\/\/eshop.sesvanderhave.com\/cz\/faq\/#breadcrumb"},"inLanguage":"cs","potentialAction":[{"@type":"ReadAction","target":["https:\/\/eshop.sesvanderhave.com\/cz\/faq\/"]}]},{"@type":"BreadcrumbList","@id":"https:\/\/eshop.sesvanderhave.com\/cz\/faq\/#breadcrumb","itemListElement":[{"@type":"ListItem","position":1,"name":"Home","item":"https:\/\/eshop.sesvanderhave.com\/cz\/"},{"@type":"ListItem","position":2,"name":"FAQ (\u010dasto kladen\u00e9 ot\u00e1zky)"}]},{"@type":"WebSite","@id":"https:\/\/eshop.sesvanderhave.com\/cz\/#website","url":"https:\/\/eshop.sesvanderhave.com\/cz\/","name":"SESVanderHave rezerva\u010dn\u00edm formul\u00e1\u0159i \u010cesk\u00e1 Republika","description":"Zarezervujte si sv\u00e9 osivo SESVanderHave v na\u0161em rezerva\u010dn\u00edm formul\u00e1\u0159i!","publisher":{"@id":"https:\/\/eshop.sesvanderhave.com\/cz\/#organization"},"potentialAction":[{"@type":"SearchAction","target":{"@type":"EntryPoint","urlTemplate":"https:\/\/eshop.sesvanderhave.com\/cz\/?s={search_term_string}"},"query-input":{"@type":"PropertyValueSpecification","valueRequired":true,"valueName":"search_term_string"}}],"inLanguage":"cs"},{"@type":"Organization","@id":"https:\/\/eshop.sesvanderhave.com\/cz\/#organization","name":"SESVanderHave","url":"https:\/\/eshop.sesvanderhave.com\/cz\/","logo":{"@type":"ImageObject","inLanguage":"cs","@id":"https:\/\/eshop.sesvanderhave.com\/cz\/#\/schema\/logo\/image\/","url":"https:\/\/eshop.sesvanderhave.com\/cz\/wp-content\/uploads\/sites\/8\/2020\/10\/SV_Logo_web.png","contentUrl":"https:\/\/eshop.sesvanderhave.com\/cz\/wp-content\/uploads\/sites\/8\/2020\/10\/SV_Logo_web.png","width":1920,"height":1080,"caption":"SESVanderHave"},"image":{"@id":"https:\/\/eshop.sesvanderhave.com\/cz\/#\/schema\/logo\/image\/"},"sameAs":["https:\/\/www.facebook.com\/SESVanderHave\/","https:\/\/x.com\/sesvanderhave","https:\/\/www.linkedin.com\/company\/sesvanderhave","https:\/\/www.youtube.com\/user\/SESVANDERHAVEonline"]}]}},"_links":{"self":[{"href":"https:\/\/eshop.sesvanderhave.com\/cz\/wp-json\/wp\/v2\/pages\/59","targetHints":{"allow":["GET"]}}],"collection":[{"href":"https:\/\/eshop.sesvanderhave.com\/cz\/wp-json\/wp\/v2\/pages"}],"about":[{"href":"https:\/\/eshop.sesvanderhave.com\/cz\/wp-json\/wp\/v2\/types\/page"}],"author":[{"embeddable":true,"href":"https:\/\/eshop.sesvanderhave.com\/cz\/wp-json\/wp\/v2\/users\/64"}],"replies":[{"embeddable":true,"href":"https:\/\/eshop.sesvanderhave.com\/cz\/wp-json\/wp\/v2\/comments?post=59"}],"version-history":[{"count":36,"href":"https:\/\/eshop.sesvanderhave.com\/cz\/wp-json\/wp\/v2\/pages\/59\/revisions"}],"predecessor-version":[{"id":813,"href":"https:\/\/eshop.sesvanderhave.com\/cz\/wp-json\/wp\/v2\/pages\/59\/revisions\/813"}],"wp:attachment":[{"href":"https:\/\/eshop.sesvanderhave.com\/cz\/wp-json\/wp\/v2\/media?parent=59"}],"curies":[{"name":"wp","href":"https:\/\/api.w.org\/{rel}","templated":true}]}}