{"id":589,"date":"2021-07-15T08:23:54","date_gmt":"2021-07-15T08:23:54","guid":{"rendered":"https:\/\/eshop.sesvanderhave.com\/cz\/quote-request\/"},"modified":"2021-07-15T08:23:54","modified_gmt":"2021-07-15T08:23:54","slug":"quote-request","status":"publish","type":"page","link":"https:\/\/eshop.sesvanderhave.com\/cz\/quote-request\/","title":{"rendered":"Quote Request"},"content":{"rendered":"\n","protected":false},"excerpt":{"rendered":"","protected":false},"author":1,"featured_media":0,"parent":0,"menu_order":0,"comment_status":"closed","ping_status":"closed","template":"","meta":{"_acf_changed":false,"footnotes":""},"class_list":["post-589","page","type-page","status-publish","hentry"],"acf":[],"yoast_head":"<!-- This site is optimized with the Yoast SEO plugin v26.3 - https:\/\/yoast.com\/wordpress\/plugins\/seo\/ -->\n<title>Quote Request | SESVanderHave rezerva\u010dn\u00edm formul\u00e1\u0159i \u010cesk\u00e1 Republika<\/title>\n<meta name=\"robots\" content=\"index, follow, max-snippet:-1, max-image-preview:large, max-video-preview:-1\" \/>\n<link rel=\"canonical\" href=\"https:\/\/eshop.sesvanderhave.com\/cz\/quote-request\/\" \/>\n<meta property=\"og:locale\" content=\"cs_CZ\" \/>\n<meta property=\"og:type\" content=\"article\" \/>\n<meta property=\"og:title\" content=\"Quote Request | SESVanderHave rezerva\u010dn\u00edm formul\u00e1\u0159i \u010cesk\u00e1 Republika\" \/>\n<meta property=\"og:url\" content=\"https:\/\/eshop.sesvanderhave.com\/cz\/quote-request\/\" \/>\n<meta property=\"og:site_name\" content=\"SESVanderHave rezerva\u010dn\u00edm formul\u00e1\u0159i \u010cesk\u00e1 Republika\" \/>\n<meta property=\"article:publisher\" content=\"https:\/\/www.facebook.com\/SESVanderHave\/\" \/>\n<meta property=\"og:image\" content=\"https:\/\/eshop.sesvanderhave.com\/cz\/wp-content\/uploads\/sites\/8\/2020\/10\/Mailing-Header.jpg\" \/>\n\t<meta property=\"og:image:width\" content=\"600\" \/>\n\t<meta property=\"og:image:height\" content=\"350\" \/>\n\t<meta property=\"og:image:type\" content=\"image\/jpeg\" \/>\n<meta name=\"twitter:card\" content=\"summary_large_image\" \/>\n<meta name=\"twitter:site\" content=\"@sesvanderhave\" \/>\n<script type=\"application\/ld+json\" class=\"yoast-schema-graph\">{\"@context\":\"https:\/\/schema.org\",\"@graph\":[{\"@type\":\"WebPage\",\"@id\":\"https:\/\/eshop.sesvanderhave.com\/cz\/quote-request\/\",\"url\":\"https:\/\/eshop.sesvanderhave.com\/cz\/quote-request\/\",\"name\":\"Quote Request | SESVanderHave rezerva\u010dn\u00edm formul\u00e1\u0159i \u010cesk\u00e1 Republika\",\"isPartOf\":{\"@id\":\"https:\/\/eshop.sesvanderhave.com\/cz\/#website\"},\"datePublished\":\"2021-07-15T08:23:54+00:00\",\"breadcrumb\":{\"@id\":\"https:\/\/eshop.sesvanderhave.com\/cz\/quote-request\/#breadcrumb\"},\"inLanguage\":\"cs\",\"potentialAction\":[{\"@type\":\"ReadAction\",\"target\":[\"https:\/\/eshop.sesvanderhave.com\/cz\/quote-request\/\"]}]},{\"@type\":\"BreadcrumbList\",\"@id\":\"https:\/\/eshop.sesvanderhave.com\/cz\/quote-request\/#breadcrumb\",\"itemListElement\":[{\"@type\":\"ListItem\",\"position\":1,\"name\":\"Home\",\"item\":\"https:\/\/eshop.sesvanderhave.com\/cz\/\"},{\"@type\":\"ListItem\",\"position\":2,\"name\":\"Quote Request\"}]},{\"@type\":\"WebSite\",\"@id\":\"https:\/\/eshop.sesvanderhave.com\/cz\/#website\",\"url\":\"https:\/\/eshop.sesvanderhave.com\/cz\/\",\"name\":\"SESVanderHave rezerva\u010dn\u00edm formul\u00e1\u0159i \u010cesk\u00e1 Republika\",\"description\":\"Zarezervujte si sv\u00e9 osivo SESVanderHave v na\u0161em rezerva\u010dn\u00edm formul\u00e1\u0159i!\",\"publisher\":{\"@id\":\"https:\/\/eshop.sesvanderhave.com\/cz\/#organization\"},\"potentialAction\":[{\"@type\":\"SearchAction\",\"target\":{\"@type\":\"EntryPoint\",\"urlTemplate\":\"https:\/\/eshop.sesvanderhave.com\/cz\/?s={search_term_string}\"},\"query-input\":{\"@type\":\"PropertyValueSpecification\",\"valueRequired\":true,\"valueName\":\"search_term_string\"}}],\"inLanguage\":\"cs\"},{\"@type\":\"Organization\",\"@id\":\"https:\/\/eshop.sesvanderhave.com\/cz\/#organization\",\"name\":\"SESVanderHave\",\"url\":\"https:\/\/eshop.sesvanderhave.com\/cz\/\",\"logo\":{\"@type\":\"ImageObject\",\"inLanguage\":\"cs\",\"@id\":\"https:\/\/eshop.sesvanderhave.com\/cz\/#\/schema\/logo\/image\/\",\"url\":\"https:\/\/eshop.sesvanderhave.com\/cz\/wp-content\/uploads\/sites\/8\/2020\/10\/SV_Logo_web.png\",\"contentUrl\":\"https:\/\/eshop.sesvanderhave.com\/cz\/wp-content\/uploads\/sites\/8\/2020\/10\/SV_Logo_web.png\",\"width\":1920,\"height\":1080,\"caption\":\"SESVanderHave\"},\"image\":{\"@id\":\"https:\/\/eshop.sesvanderhave.com\/cz\/#\/schema\/logo\/image\/\"},\"sameAs\":[\"https:\/\/www.facebook.com\/SESVanderHave\/\",\"https:\/\/x.com\/sesvanderhave\",\"https:\/\/www.linkedin.com\/company\/sesvanderhave\",\"https:\/\/www.youtube.com\/user\/SESVANDERHAVEonline\"]}]}<\/script>\n<!-- \/ Yoast SEO plugin. -->","yoast_head_json":{"title":"Quote Request | SESVanderHave rezerva\u010dn\u00edm formul\u00e1\u0159i \u010cesk\u00e1 Republika","robots":{"index":"index","follow":"follow","max-snippet":"max-snippet:-1","max-image-preview":"max-image-preview:large","max-video-preview":"max-video-preview:-1"},"canonical":"https:\/\/eshop.sesvanderhave.com\/cz\/quote-request\/","og_locale":"cs_CZ","og_type":"article","og_title":"Quote Request | SESVanderHave rezerva\u010dn\u00edm formul\u00e1\u0159i \u010cesk\u00e1 Republika","og_url":"https:\/\/eshop.sesvanderhave.com\/cz\/quote-request\/","og_site_name":"SESVanderHave rezerva\u010dn\u00edm formul\u00e1\u0159i \u010cesk\u00e1 Republika","article_publisher":"https:\/\/www.facebook.com\/SESVanderHave\/","og_image":[{"width":600,"height":350,"url":"https:\/\/eshop.sesvanderhave.com\/cz\/wp-content\/uploads\/sites\/8\/2020\/10\/Mailing-Header.jpg","type":"image\/jpeg"}],"twitter_card":"summary_large_image","twitter_site":"@sesvanderhave","schema":{"@context":"https:\/\/schema.org","@graph":[{"@type":"WebPage","@id":"https:\/\/eshop.sesvanderhave.com\/cz\/quote-request\/","url":"https:\/\/eshop.sesvanderhave.com\/cz\/quote-request\/","name":"Quote Request | SESVanderHave rezerva\u010dn\u00edm formul\u00e1\u0159i \u010cesk\u00e1 Republika","isPartOf":{"@id":"https:\/\/eshop.sesvanderhave.com\/cz\/#website"},"datePublished":"2021-07-15T08:23:54+00:00","breadcrumb":{"@id":"https:\/\/eshop.sesvanderhave.com\/cz\/quote-request\/#breadcrumb"},"inLanguage":"cs","potentialAction":[{"@type":"ReadAction","target":["https:\/\/eshop.sesvanderhave.com\/cz\/quote-request\/"]}]},{"@type":"BreadcrumbList","@id":"https:\/\/eshop.sesvanderhave.com\/cz\/quote-request\/#breadcrumb","itemListElement":[{"@type":"ListItem","position":1,"name":"Home","item":"https:\/\/eshop.sesvanderhave.com\/cz\/"},{"@type":"ListItem","position":2,"name":"Quote Request"}]},{"@type":"WebSite","@id":"https:\/\/eshop.sesvanderhave.com\/cz\/#website","url":"https:\/\/eshop.sesvanderhave.com\/cz\/","name":"SESVanderHave rezerva\u010dn\u00edm formul\u00e1\u0159i \u010cesk\u00e1 Republika","description":"Zarezervujte si sv\u00e9 osivo SESVanderHave v na\u0161em rezerva\u010dn\u00edm formul\u00e1\u0159i!","publisher":{"@id":"https:\/\/eshop.sesvanderhave.com\/cz\/#organization"},"potentialAction":[{"@type":"SearchAction","target":{"@type":"EntryPoint","urlTemplate":"https:\/\/eshop.sesvanderhave.com\/cz\/?s={search_term_string}"},"query-input":{"@type":"PropertyValueSpecification","valueRequired":true,"valueName":"search_term_string"}}],"inLanguage":"cs"},{"@type":"Organization","@id":"https:\/\/eshop.sesvanderhave.com\/cz\/#organization","name":"SESVanderHave","url":"https:\/\/eshop.sesvanderhave.com\/cz\/","logo":{"@type":"ImageObject","inLanguage":"cs","@id":"https:\/\/eshop.sesvanderhave.com\/cz\/#\/schema\/logo\/image\/","url":"https:\/\/eshop.sesvanderhave.com\/cz\/wp-content\/uploads\/sites\/8\/2020\/10\/SV_Logo_web.png","contentUrl":"https:\/\/eshop.sesvanderhave.com\/cz\/wp-content\/uploads\/sites\/8\/2020\/10\/SV_Logo_web.png","width":1920,"height":1080,"caption":"SESVanderHave"},"image":{"@id":"https:\/\/eshop.sesvanderhave.com\/cz\/#\/schema\/logo\/image\/"},"sameAs":["https:\/\/www.facebook.com\/SESVanderHave\/","https:\/\/x.com\/sesvanderhave","https:\/\/www.linkedin.com\/company\/sesvanderhave","https:\/\/www.youtube.com\/user\/SESVANDERHAVEonline"]}]}},"_links":{"self":[{"href":"https:\/\/eshop.sesvanderhave.com\/cz\/wp-json\/wp\/v2\/pages\/589","targetHints":{"allow":["GET"]}}],"collection":[{"href":"https:\/\/eshop.sesvanderhave.com\/cz\/wp-json\/wp\/v2\/pages"}],"about":[{"href":"https:\/\/eshop.sesvanderhave.com\/cz\/wp-json\/wp\/v2\/types\/page"}],"author":[{"embeddable":true,"href":"https:\/\/eshop.sesvanderhave.com\/cz\/wp-json\/wp\/v2\/users\/1"}],"replies":[{"embeddable":true,"href":"https:\/\/eshop.sesvanderhave.com\/cz\/wp-json\/wp\/v2\/comments?post=589"}],"version-history":[{"count":0,"href":"https:\/\/eshop.sesvanderhave.com\/cz\/wp-json\/wp\/v2\/pages\/589\/revisions"}],"wp:attachment":[{"href":"https:\/\/eshop.sesvanderhave.com\/cz\/wp-json\/wp\/v2\/media?parent=589"}],"curies":[{"name":"wp","href":"https:\/\/api.w.org\/{rel}","templated":true}]}}